{"id":135,"date":"2021-11-05T21:50:09","date_gmt":"2021-11-06T00:50:09","guid":{"rendered":"http:\/\/egepe.org.br\/xiv-egepe\/?page_id=135"},"modified":"2026-04-08T15:07:30","modified_gmt":"2026-04-08T18:07:30","slug":"datas-importantes","status":"publish","type":"page","link":"https:\/\/egepe.org.br\/xiv-egepe\/datas-importantes\/","title":{"rendered":"Datas Importantes"},"content":{"rendered":"\t\t<div data-elementor-type=\"wp-page\" data-elementor-id=\"135\" class=\"elementor elementor-135\" data-elementor-post-type=\"page\">\n\t\t\t\t\t\t<section class=\"elementor-section elementor-top-section elementor-element elementor-element-c245222 elementor-section-height-min-height elementor-section-boxed elementor-section-height-default elementor-section-items-middle\" data-id=\"c245222\" data-element_type=\"section\" data-settings=\"{&quot;background_background&quot;:&quot;classic&quot;}\">\n\t\t\t\t\t\t<div class=\"elementor-container elementor-column-gap-default\">\n\t\t\t\t\t<div class=\"elementor-column elementor-col-100 elementor-top-column elementor-element elementor-element-6665f23\" data-id=\"6665f23\" data-element_type=\"column\">\n\t\t\t<div class=\"elementor-widget-wrap elementor-element-populated\">\n\t\t\t\t\t\t<div class=\"elementor-element elementor-element-80a73e4 elementor-widget elementor-widget-heading\" data-id=\"80a73e4\" data-element_type=\"widget\" data-widget_type=\"heading.default\">\n\t\t\t\t<div class=\"elementor-widget-container\">\n\t\t\t<h2 class=\"elementor-heading-title elementor-size-default\">DATAS IMPORTANTES<\/h2>\t\t<\/div>\n\t\t\t\t<\/div>\n\t\t\t\t\t<\/div>\n\t\t<\/div>\n\t\t\t\t\t<\/div>\n\t\t<\/section>\n\t\t\t\t<section class=\"elementor-section elementor-top-section elementor-element elementor-element-1dc3499 elementor-section-boxed elementor-section-height-default elementor-section-height-default\" data-id=\"1dc3499\" data-element_type=\"section\">\n\t\t\t\t\t\t<div class=\"elementor-container elementor-column-gap-default\">\n\t\t\t\t\t<div class=\"elementor-column elementor-col-100 elementor-top-column elementor-element elementor-element-1da0624\" data-id=\"1da0624\" data-element_type=\"column\">\n\t\t\t<div class=\"elementor-widget-wrap elementor-element-populated\">\n\t\t\t\t\t\t<div class=\"elementor-element elementor-element-c779cae elementor-widget elementor-widget-heading\" data-id=\"c779cae\" data-element_type=\"widget\" data-widget_type=\"heading.default\">\n\t\t\t\t<div class=\"elementor-widget-container\">\n\t\t\t<h2 class=\"elementor-heading-title elementor-size-default\">CRONOGRAMA<\/h2>\t\t<\/div>\n\t\t\t\t<\/div>\n\t\t\t\t<div class=\"elementor-element elementor-element-d9c4607 elementor-widget elementor-widget-heading\" data-id=\"d9c4607\" data-element_type=\"widget\" data-widget_type=\"heading.default\">\n\t\t\t\t<div class=\"elementor-widget-container\">\n\t\t\t<h2 class=\"elementor-heading-title elementor-size-default\">DATAS DO XIV EGEPE<\/h2>\t\t<\/div>\n\t\t\t\t<\/div>\n\t\t\t\t<div class=\"elementor-element elementor-element-df2a494 tabela elementor-widget elementor-widget-text-editor\" data-id=\"df2a494\" data-element_type=\"widget\" data-widget_type=\"text-editor.default\">\n\t\t\t\t<div class=\"elementor-widget-container\">\n\t\t\t\t\t\t\t<table dir=\"ltr\" border=\"1\" cellspacing=\"0\" cellpadding=\"0\">\n<colgroup>\n<col width=\"725\">\n<col width=\"100\"><\/colgroup>\n<tbody>\n<tr>\n<td data-sheets-value=\"{\">\n<h4><strong>Atividades<\/strong><\/h4>\n<\/td>\n<td data-sheets-value=\"{\">\n<h4 style=\"text-align: center;\"><strong>Data<\/strong><\/h4>\n<\/td>\n<\/tr>\n<tr>\n<td data-sheets-value=\"{\"><b>Chamada de trabalhos<\/b><\/td>\n<td style=\"text-align: center;\" data-sheets-value=\"{\" data-sheets-numberformat=\"{\"><b>05\/11\/2025<\/b><\/td>\n<\/tr>\n<tr>\n<td data-sheets-value=\"{\"><strong>Abertura do sistema para submiss\u00e3o de trabalhos (Even3)<\/strong><\/td>\n<td style=\"text-align: center;\" data-sheets-value=\"{\" data-sheets-numberformat=\"{\"><b>10\/11\/2025<\/b><\/td>\n<\/tr>\n<tr>\n<td data-sheets-value=\"{\"><b>Chamada de projetos do Cons\u00f3rcio de Projetos de Mestrado e Doutorado<\/b><\/td>\n<td style=\"text-align: center;\" data-sheets-value=\"{\" data-sheets-numberformat=\"{\"><b>13\/11\/2025<\/b><\/td>\n<\/tr>\n<tr>\n<td data-sheets-value=\"{\"><b>Abertura de inscri\u00e7\u00f5es<\/b><b>&nbsp;<\/b><b>(1a. Tabela) &#8211; todos os p\u00fablicos<\/b><\/td>\n<td style=\"text-align: center;\" data-sheets-value=\"{\" data-sheets-numberformat=\"{\"><b>01\/12\/2025<\/b><\/td>\n<\/tr>\n<tr>\n<td data-sheets-value=\"{\"><b>In\u00edcio da 2\u00aa. Tabela de valores de inscri\u00e7\u00f5es<\/b><\/td>\n<td style=\"text-align: center;\" data-sheets-value=\"{\" data-sheets-numberformat=\"{\"><b>30\/03\/2026<\/b><\/td>\n<\/tr>\n<tr>\n<td data-sheets-value=\"{\"><b>Encerramento das submiss\u00f5es dos trabalhos<\/b><\/td>\n<td style=\"text-align: center;\" data-sheets-value=\"{\" data-sheets-numberformat=\"{\"><b>16\/04\/2026<\/b><\/td>\n<\/tr>\n<tr>\n<td data-sheets-value=\"{\">Designa\u00e7\u00e3o das avalia\u00e7\u00f5es &#8211; at\u00e9<\/td>\n<td style=\"text-align: center;\" data-sheets-value=\"{\" data-sheets-numberformat=\"{\">19\/04\/2026<\/td>\n<\/tr>\n<tr>\n<td data-sheets-value=\"{\">Fim das avalia\u00e7\u00f5es das submiss\u00f5es \/consolida\u00e7\u00e3o dos resultados<\/td>\n<td style=\"text-align: center;\" data-sheets-value=\"{\" data-sheets-numberformat=\"{\">15\/05\/2026<\/td>\n<\/tr>\n<tr>\n<td data-sheets-value=\"{\"><b>Comunica\u00e7\u00e3o dos resultados das submiss\u00f5es<\/b><\/td>\n<td style=\"text-align: center;\" data-sheets-value=\"{\" data-sheets-numberformat=\"{\"><b>16\/05\/2026<\/b><\/td>\n<\/tr>\n<tr>\n<td data-sheets-value=\"{\"><strong>In\u00edcio das inscri\u00e7\u00f5es para autores de trabalhos aprovados (1\u00aa Tabela)<\/strong><\/td>\n<td style=\"text-align: center;\" data-sheets-value=\"{\" data-sheets-numberformat=\"{\"><b>16\/05\/2026<\/b><\/td>\n<\/tr>\n<tr>\n<td data-sheets-value=\"{\"><b>Encerramento das submiss\u00f5es de projetos para o Cons\u00f3rcio<\/b><\/td>\n<td style=\"text-align: center;\" data-sheets-value=\"{\" data-sheets-numberformat=\"{\"><b>08\/05\/2026<\/b><\/td>\n<\/tr>\n<tr>\n<td data-sheets-value=\"{\"><b>Resultados das submiss\u00f5es de projetos para o Cons\u00f3rcio<\/b><\/td>\n<td style=\"text-align: center;\" data-sheets-value=\"{\" data-sheets-numberformat=\"{\"><b>15\/05\/2026<\/b><\/td>\n<\/tr>\n<tr>\n<td data-sheets-value=\"{\"><b>Fim das inscri\u00e7\u00f5es para autores de trabalhos<\/b><\/td>\n<td style=\"text-align: center;\" data-sheets-value=\"{\" data-sheets-numberformat=\"{\"><b>10\/06\/2026<\/b><\/td>\n<\/tr>\n<tr>\n<td data-sheets-value=\"{\">Divulga\u00e7\u00e3o do programa final<\/td>\n<td style=\"text-align: center;\" data-sheets-value=\"{\" data-sheets-numberformat=\"{\">15\/06\/2026<\/td>\n<\/tr>\n<tr>\n<td data-sheets-value=\"{\"><b>Fim das inscri\u00e7\u00f5es para os estudantes aprovados para o cons\u00f3rcio<\/b><\/td>\n<td style=\"text-align: center;\" data-sheets-value=\"{\" data-sheets-numberformat=\"{\"><b>12\/06\/2026<\/b><\/td>\n<\/tr>\n<tr>\n<td data-sheets-value=\"{\"><b>Fim das inscri\u00e7\u00f5es para o p\u00fablico em geral pelo website<\/b><\/td>\n<td style=\"text-align: center;\" data-sheets-value=\"{\" data-sheets-numberformat=\"{\"><b>25\/06\/2026<\/b><\/td>\n<\/tr>\n<tr>\n<td data-sheets-value=\"{\"><b>Pr\u00e9-EGEPE \u2013 visitas t\u00e9cnicas \u2013 UNISUAM e Instituto G\u00eanesis (PUC-Rio)<\/b><\/td>\n<td style=\"text-align: center;\" data-sheets-value=\"{\" data-sheets-numberformat=\"{\"><b>30\/06\/2026<\/b><\/td>\n<\/tr>\n<tr>\n<td data-sheets-value=\"{\"><b>In\u00edcio do XIV EGEPE<\/b><\/td>\n<td style=\"text-align: center;\" data-sheets-value=\"{\" data-sheets-numberformat=\"{\"><b>01\/07\/2026<\/b><\/td>\n<\/tr>\n<tr>\n<td data-sheets-value=\"{\"><b>Realiza\u00e7\u00e3o do Cons\u00f3rcio de Projetos de Mestrado e Doutorado<\/b><\/td>\n<td style=\"text-align: center;\" data-sheets-value=\"{\" data-sheets-numberformat=\"{\"><b>01\/07\/2026<\/b><\/td>\n<\/tr>\n<tr>\n<td data-sheets-value=\"{\"><b>Encerramento do XIV EGEPE<\/b><\/td>\n<td style=\"text-align: center;\" data-sheets-value=\"{\" data-sheets-numberformat=\"{\"><b>03\/07\/2026<\/b><\/td>\n<\/tr>\n<\/tbody>\n<\/table>\t\t\t\t\t\t<\/div>\n\t\t\t\t<\/div>\n\t\t\t\t\t<\/div>\n\t\t<\/div>\n\t\t\t\t\t<\/div>\n\t\t<\/section>\n\t\t\t\t<\/div>\n\t\t","protected":false},"excerpt":{"rendered":"<p>DATAS IMPORTANTES CRONOGRAMA DATAS DO XIV EGEPE Atividades Data Chamada de trabalhos 05\/11\/2025 Abertura do sistema para submiss\u00e3o de trabalhos (Even3) 10\/11\/2025 Chamada de projetos do Cons\u00f3rcio de Projetos de Mestrado e Doutorado 13\/11\/2025 Abertura de inscri\u00e7\u00f5es&nbsp;(1a. Tabela) &#8211; todos os p\u00fablicos 01\/12\/2025 In\u00edcio da 2\u00aa. Tabela de valores de inscri\u00e7\u00f5es 30\/03\/2026 Encerramento das submiss\u00f5es [&hellip;]<\/p>\n","protected":false},"author":1,"featured_media":0,"parent":0,"menu_order":0,"comment_status":"closed","ping_status":"closed","template":"","meta":{"site-sidebar-layout":"no-sidebar","site-content-layout":"page-builder","ast-site-content-layout":"default","site-content-style":"default","site-sidebar-style":"default","ast-global-header-display":"","ast-banner-title-visibility":"","ast-main-header-display":"","ast-hfb-above-header-display":"","ast-hfb-below-header-display":"","ast-hfb-mobile-header-display":"","site-post-title":"disabled","ast-breadcrumbs-content":"","ast-featured-img":"disabled","footer-sml-layout":"","ast-disable-related-posts":"","theme-transparent-header-meta":"default","adv-header-id-meta":"","stick-header-meta":"","header-above-stick-meta":"","header-main-stick-meta":"","header-below-stick-meta":"","astra-migrate-meta-layouts":"default","ast-page-background-enabled":"default","ast-page-background-meta":{"desktop":{"background-color":"var(--ast-global-color-4)","background-image":"","background-repeat":"repeat","background-position":"center center","background-size":"auto","background-attachment":"scroll","background-type":"","background-media":"","overlay-type":"","overlay-color":"","overlay-opacity":"","overlay-gradient":""},"tablet":{"background-color":"","background-image":"","background-repeat":"repeat","background-position":"center center","background-size":"auto","background-attachment":"scroll","background-type":"","background-media":"","overlay-type":"","overlay-color":"","overlay-opacity":"","overlay-gradient":""},"mobile":{"background-color":"","background-image":"","background-repeat":"repeat","background-position":"center center","background-size":"auto","background-attachment":"scroll","background-type":"","background-media":"","overlay-type":"","overlay-color":"","overlay-opacity":"","overlay-gradient":""}},"ast-content-background-meta":{"desktop":{"background-color":"var(--ast-global-color-5)","background-image":"","background-repeat":"repeat","background-position":"center center","background-size":"auto","background-attachment":"scroll","background-type":"","background-media":"","overlay-type":"","overlay-color":"","overlay-opacity":"","overlay-gradient":""},"tablet":{"background-color":"var(--ast-global-color-5)","background-image":"","background-repeat":"repeat","background-position":"center center","background-size":"auto","background-attachment":"scroll","background-type":"","background-media":"","overlay-type":"","overlay-color":"","overlay-opacity":"","overlay-gradient":""},"mobile":{"background-color":"var(--ast-global-color-5)","background-image":"","background-repeat":"repeat","background-position":"center center","background-size":"auto","background-attachment":"scroll","background-type":"","background-media":"","overlay-type":"","overlay-color":"","overlay-opacity":"","overlay-gradient":""}},"footnotes":""},"class_list":["post-135","page","type-page","status-publish","hentry"],"_links":{"self":[{"href":"https:\/\/egepe.org.br\/xiv-egepe\/wp-json\/wp\/v2\/pages\/135","targetHints":{"allow":["GET"]}}],"collection":[{"href":"https:\/\/egepe.org.br\/xiv-egepe\/wp-json\/wp\/v2\/pages"}],"about":[{"href":"https:\/\/egepe.org.br\/xiv-egepe\/wp-json\/wp\/v2\/types\/page"}],"author":[{"embeddable":true,"href":"https:\/\/egepe.org.br\/xiv-egepe\/wp-json\/wp\/v2\/users\/1"}],"replies":[{"embeddable":true,"href":"https:\/\/egepe.org.br\/xiv-egepe\/wp-json\/wp\/v2\/comments?post=135"}],"version-history":[{"count":58,"href":"https:\/\/egepe.org.br\/xiv-egepe\/wp-json\/wp\/v2\/pages\/135\/revisions"}],"predecessor-version":[{"id":2041,"href":"https:\/\/egepe.org.br\/xiv-egepe\/wp-json\/wp\/v2\/pages\/135\/revisions\/2041"}],"wp:attachment":[{"href":"https:\/\/egepe.org.br\/xiv-egepe\/wp-json\/wp\/v2\/media?parent=135"}],"curies":[{"name":"wp","href":"https:\/\/api.w.org\/{rel}","templated":true}]}}