{"id":1843,"date":"2026-03-11T14:15:33","date_gmt":"2026-03-11T17:15:33","guid":{"rendered":"https:\/\/egepe.org.br\/xiv-egepe\/?page_id=1843"},"modified":"2026-03-20T10:39:51","modified_gmt":"2026-03-20T13:39:51","slug":"premio-e-fast-track","status":"publish","type":"page","link":"https:\/\/egepe.org.br\/xiv-egepe\/premio-e-fast-track\/","title":{"rendered":"Pr\u00eamio e Fast-Track"},"content":{"rendered":"\t\t<div data-elementor-type=\"wp-page\" data-elementor-id=\"1843\" class=\"elementor elementor-1843\" data-elementor-post-type=\"page\">\n\t\t\t\t\t\t<section class=\"elementor-section elementor-top-section elementor-element elementor-element-d88f661 elementor-section-height-min-height elementor-section-boxed elementor-section-height-default elementor-section-items-middle\" data-id=\"d88f661\" data-element_type=\"section\" data-settings=\"{&quot;background_background&quot;:&quot;classic&quot;}\">\n\t\t\t\t\t\t<div class=\"elementor-container elementor-column-gap-default\">\n\t\t\t\t\t<div class=\"elementor-column elementor-col-100 elementor-top-column elementor-element elementor-element-c3783d9\" data-id=\"c3783d9\" data-element_type=\"column\">\n\t\t\t<div class=\"elementor-widget-wrap\">\n\t\t\t\t\t\t\t<\/div>\n\t\t<\/div>\n\t\t\t\t\t<\/div>\n\t\t<\/section>\n\t\t\t\t<section class=\"elementor-section elementor-top-section elementor-element elementor-element-3a766d47 elementor-section-boxed elementor-section-height-default elementor-section-height-default\" data-id=\"3a766d47\" data-element_type=\"section\">\n\t\t\t\t\t\t<div class=\"elementor-container elementor-column-gap-default\">\n\t\t\t\t\t<div class=\"elementor-column elementor-col-50 elementor-top-column elementor-element elementor-element-8ce5016\" data-id=\"8ce5016\" data-element_type=\"column\">\n\t\t\t<div class=\"elementor-widget-wrap elementor-element-populated\">\n\t\t\t\t\t\t<div class=\"elementor-element elementor-element-a09a8fa elementor-align-center elementor-widget__width-initial elementor-widget elementor-widget-button\" data-id=\"a09a8fa\" data-element_type=\"widget\" data-widget_type=\"button.default\">\n\t\t\t\t<div class=\"elementor-widget-container\">\n\t\t\t\t\t\t\t<div class=\"elementor-button-wrapper\">\n\t\t\t\t\t<a class=\"elementor-button elementor-button-link elementor-size-sm\" href=\"https:\/\/egepe.org.br\/xiv-egepe\/premio-anegepe-de-teses\/\">\n\t\t\t\t\t\t<span class=\"elementor-button-content-wrapper\">\n\t\t\t\t\t\t\t\t\t<span class=\"elementor-button-text\">Pr\u00eamio Anegepe de Teses<\/span>\n\t\t\t\t\t<\/span>\n\t\t\t\t\t<\/a>\n\t\t\t\t<\/div>\n\t\t\t\t\t\t<\/div>\n\t\t\t\t<\/div>\n\t\t\t\t\t<\/div>\n\t\t<\/div>\n\t\t\t\t<div class=\"elementor-column elementor-col-50 elementor-top-column elementor-element elementor-element-de0f30b\" data-id=\"de0f30b\" data-element_type=\"column\">\n\t\t\t<div class=\"elementor-widget-wrap elementor-element-populated\">\n\t\t\t\t\t\t<div class=\"elementor-element elementor-element-0beb00b elementor-align-center elementor-widget__width-initial elementor-widget elementor-widget-button\" data-id=\"0beb00b\" data-element_type=\"widget\" data-widget_type=\"button.default\">\n\t\t\t\t<div class=\"elementor-widget-container\">\n\t\t\t\t\t\t\t<div class=\"elementor-button-wrapper\">\n\t\t\t\t\t<a class=\"elementor-button elementor-button-link elementor-size-sm\" href=\"https:\/\/egepe.org.br\/xiv-egepe\/fast-track\/\">\n\t\t\t\t\t\t<span class=\"elementor-button-content-wrapper\">\n\t\t\t\t\t\t\t\t\t<span class=\"elementor-button-text\">Fast-track<\/span>\n\t\t\t\t\t<\/span>\n\t\t\t\t\t<\/a>\n\t\t\t\t<\/div>\n\t\t\t\t\t\t<\/div>\n\t\t\t\t<\/div>\n\t\t\t\t\t<\/div>\n\t\t<\/div>\n\t\t\t\t\t<\/div>\n\t\t<\/section>\n\t\t\t\t<section class=\"elementor-section elementor-top-section elementor-element elementor-element-dd67792 elementor-section-boxed elementor-section-height-default elementor-section-height-default\" data-id=\"dd67792\" data-element_type=\"section\">\n\t\t\t\t\t\t<div class=\"elementor-container elementor-column-gap-default\">\n\t\t\t\t\t<div class=\"elementor-column elementor-col-100 elementor-top-column elementor-element elementor-element-b1a62b3\" data-id=\"b1a62b3\" data-element_type=\"column\">\n\t\t\t<div class=\"elementor-widget-wrap elementor-element-populated\">\n\t\t\t\t\t\t<div class=\"elementor-element elementor-element-6014a12 elementor-widget elementor-widget-heading\" data-id=\"6014a12\" data-element_type=\"widget\" data-widget_type=\"heading.default\">\n\t\t\t\t<div class=\"elementor-widget-container\">\n\t\t\t<h2 class=\"elementor-heading-title elementor-size-default\">COORDENA\u00c7\u00c3O DO XIV EGEPE 2026\n<\/h2>\t\t<\/div>\n\t\t\t\t<\/div>\n\t\t\t\t<section class=\"elementor-section elementor-inner-section elementor-element elementor-element-6efce08 elementor-section-boxed elementor-section-height-default elementor-section-height-default\" data-id=\"6efce08\" data-element_type=\"section\">\n\t\t\t\t\t\t<div class=\"elementor-container elementor-column-gap-default\">\n\t\t\t\t\t<div class=\"elementor-column elementor-col-33 elementor-inner-column elementor-element elementor-element-6e7026c\" data-id=\"6e7026c\" data-element_type=\"column\">\n\t\t\t<div class=\"elementor-widget-wrap elementor-element-populated\">\n\t\t\t\t\t\t<div class=\"elementor-element elementor-element-8b0a912 elementor-widget elementor-widget-heading\" data-id=\"8b0a912\" data-element_type=\"widget\" data-widget_type=\"heading.default\">\n\t\t\t\t<div class=\"elementor-widget-container\">\n\t\t\t<h2 class=\"elementor-heading-title elementor-size-default\">Coordena\u00e7\u00e3o Geral<\/h2>\t\t<\/div>\n\t\t\t\t<\/div>\n\t\t\t\t<div class=\"elementor-element elementor-element-4eaae3e elementor-widget elementor-widget-text-editor\" data-id=\"4eaae3e\" data-element_type=\"widget\" data-widget_type=\"text-editor.default\">\n\t\t\t\t<div class=\"elementor-widget-container\">\n\t\t\t\t\t\t\t<ul><li>Rose Mary Almeida Lopes (ANEGEPE)<\/li><\/ul>\t\t\t\t\t\t<\/div>\n\t\t\t\t<\/div>\n\t\t\t\t\t<\/div>\n\t\t<\/div>\n\t\t\t\t<div class=\"elementor-column elementor-col-33 elementor-inner-column elementor-element elementor-element-e79f94f\" data-id=\"e79f94f\" data-element_type=\"column\">\n\t\t\t<div class=\"elementor-widget-wrap elementor-element-populated\">\n\t\t\t\t\t\t<div class=\"elementor-element elementor-element-623d6a8 elementor-widget elementor-widget-heading\" data-id=\"623d6a8\" data-element_type=\"widget\" data-widget_type=\"heading.default\">\n\t\t\t\t<div class=\"elementor-widget-container\">\n\t\t\t<h2 class=\"elementor-heading-title elementor-size-default\">Comit\u00ea Cient\u00edfico<\/h2>\t\t<\/div>\n\t\t\t\t<\/div>\n\t\t\t\t<div class=\"elementor-element elementor-element-0587c0e elementor-widget elementor-widget-text-editor\" data-id=\"0587c0e\" data-element_type=\"widget\" data-widget_type=\"text-editor.default\">\n\t\t\t\t<div class=\"elementor-widget-container\">\n\t\t\t\t\t\t\t<ul><li><span style=\"font-weight: 400;\">Cristiano Morini \u2013 Presidente \u00a0 <\/span> <span style=\"font-weight: 400;\">(UNICAMP)<\/span><\/li><li><span style=\"font-weight: 400;\">Edmilson de Oliveira Lima <\/span> <span style=\"font-weight: 400;\">(UNINOVE)\u00a0<\/span><\/li><li><span style=\"font-weight: 400;\">Nadya Regina Galo <\/span> <span style=\"font-weight: 400;\">(UFF)<\/span><\/li><li><span style=\"font-weight: 400;\">Renata Peregrino Brito <\/span><span style=\"font-weight: 400;\">(PUC Rio)<\/span><\/li><li><span style=\"font-weight: 400;\">Simony Rodrigues Marins <\/span><span style=\"font-weight: 400;\">(UFRJ)<\/span><\/li><\/ul>\t\t\t\t\t\t<\/div>\n\t\t\t\t<\/div>\n\t\t\t\t\t<\/div>\n\t\t<\/div>\n\t\t\t\t<div class=\"elementor-column elementor-col-33 elementor-inner-column elementor-element elementor-element-1bfd071\" data-id=\"1bfd071\" data-element_type=\"column\">\n\t\t\t<div class=\"elementor-widget-wrap elementor-element-populated\">\n\t\t\t\t\t\t<div class=\"elementor-element elementor-element-ea7a91e elementor-widget__width-initial elementor-widget elementor-widget-heading\" data-id=\"ea7a91e\" data-element_type=\"widget\" data-widget_type=\"heading.default\">\n\t\t\t\t<div class=\"elementor-widget-container\">\n\t\t\t<h2 class=\"elementor-heading-title elementor-size-default\">COMIT\u00ca ORGANIZADOR<\/h2>\t\t<\/div>\n\t\t\t\t<\/div>\n\t\t\t\t<div class=\"elementor-element elementor-element-e29e682 elementor-widget elementor-widget-text-editor\" data-id=\"e29e682\" data-element_type=\"widget\" data-widget_type=\"text-editor.default\">\n\t\t\t\t<div class=\"elementor-widget-container\">\n\t\t\t\t\t\t\t<ul><li>Rose Mary Almeida Lopes &#8211; Presidente &#8211; ANEGEPE<\/li><li><span style=\"font-weight: 400;\">Sandra Mariano &#8211; Presidente (UFF)<\/span><\/li><li><span style=\"font-weight: 400;\">Robson Cunha (UFF)<\/span><\/li><li><span style=\"font-weight: 400;\">Claudia de Freitas Lopes Costa (UNISUAM)<\/span><\/li><li><span style=\"font-weight: 400;\">Gracyanne Freire de Ara\u00fajo (UFS)<\/span><\/li><\/ul>\t\t\t\t\t\t<\/div>\n\t\t\t\t<\/div>\n\t\t\t\t\t<\/div>\n\t\t<\/div>\n\t\t\t\t\t<\/div>\n\t\t<\/section>\n\t\t\t\t\t<\/div>\n\t\t<\/div>\n\t\t\t\t\t<\/div>\n\t\t<\/section>\n\t\t\t\t<section class=\"elementor-section elementor-top-section elementor-element elementor-element-47c2cea5 elementor-section-boxed elementor-section-height-default elementor-section-height-default\" data-id=\"47c2cea5\" data-element_type=\"section\">\n\t\t\t\t\t\t<div class=\"elementor-container elementor-column-gap-default\">\n\t\t\t\t\t<div class=\"elementor-column elementor-col-33 elementor-top-column elementor-element elementor-element-444178b7\" data-id=\"444178b7\" data-element_type=\"column\">\n\t\t\t<div class=\"elementor-widget-wrap elementor-element-populated\">\n\t\t\t\t\t\t<div class=\"elementor-element elementor-element-377563b9 elementor-widget elementor-widget-heading\" data-id=\"377563b9\" data-element_type=\"widget\" data-widget_type=\"heading.default\">\n\t\t\t\t<div class=\"elementor-widget-container\">\n\t\t\t<h2 class=\"elementor-heading-title elementor-size-default\">Coordena\u00e7\u00e3o do Cons\u00f3rcio de Projetos de Mestrado e Doutorado<\/h2>\t\t<\/div>\n\t\t\t\t<\/div>\n\t\t\t\t<div class=\"elementor-element elementor-element-62ffd5c0 elementor-widget elementor-widget-text-editor\" data-id=\"62ffd5c0\" data-element_type=\"widget\" data-widget_type=\"text-editor.default\">\n\t\t\t\t<div class=\"elementor-widget-container\">\n\t\t\t\t\t\t\t<ul><li><span style=\"font-weight: 400;\">Roosiley dos Santos Souza &#8211; Coordenadora\u00a0 (UFMS)<\/span><\/li><li><span style=\"font-weight: 400;\">Georgia Patr\u00edcia da Silva Ferko &#8211; Coordenadora Adjunta (UFRR)<\/span><\/li><\/ul>\t\t\t\t\t\t<\/div>\n\t\t\t\t<\/div>\n\t\t\t\t\t<\/div>\n\t\t<\/div>\n\t\t\t\t<div class=\"elementor-column elementor-col-33 elementor-top-column elementor-element elementor-element-b0bea37\" data-id=\"b0bea37\" data-element_type=\"column\">\n\t\t\t<div class=\"elementor-widget-wrap elementor-element-populated\">\n\t\t\t\t\t\t<div class=\"elementor-element elementor-element-35b8755f elementor-widget elementor-widget-heading\" data-id=\"35b8755f\" data-element_type=\"widget\" data-widget_type=\"heading.default\">\n\t\t\t\t<div class=\"elementor-widget-container\">\n\t\t\t<h2 class=\"elementor-heading-title elementor-size-default\">Comit\u00ea de Fast-Track<\/h2>\t\t<\/div>\n\t\t\t\t<\/div>\n\t\t\t\t<div class=\"elementor-element elementor-element-1f92fe5a elementor-widget elementor-widget-text-editor\" data-id=\"1f92fe5a\" data-element_type=\"widget\" data-widget_type=\"text-editor.default\">\n\t\t\t\t<div class=\"elementor-widget-container\">\n\t\t\t\t\t\t\t<ul><li><span style=\"font-weight: 400;\">Jo\u00e3o Paulo Moreira Silva &#8211; Editor Adjunto da REGEPE<\/span><\/li><li><span style=\"font-weight: 400;\">Liliane de Oliveira Guimar\u00e3es (PUC Minas)<br \/><\/span><\/li><li>M\u00e1rcia Freire de Oliveira (UFU)<\/li><\/ul>\t\t\t\t\t\t<\/div>\n\t\t\t\t<\/div>\n\t\t\t\t\t<\/div>\n\t\t<\/div>\n\t\t\t\t<div class=\"elementor-column elementor-col-33 elementor-top-column elementor-element elementor-element-01a3da6\" data-id=\"01a3da6\" data-element_type=\"column\">\n\t\t\t<div class=\"elementor-widget-wrap elementor-element-populated\">\n\t\t\t\t\t\t<div class=\"elementor-element elementor-element-8a3955f elementor-widget elementor-widget-heading\" data-id=\"8a3955f\" data-element_type=\"widget\" data-widget_type=\"heading.default\">\n\t\t\t\t<div class=\"elementor-widget-container\">\n\t\t\t<h2 class=\"elementor-heading-title elementor-size-default\">Comit\u00ea do Pr\u00eamio ANEGEPE de TESES<\/h2>\t\t<\/div>\n\t\t\t\t<\/div>\n\t\t\t\t<div class=\"elementor-element elementor-element-987579e elementor-widget elementor-widget-text-editor\" data-id=\"987579e\" data-element_type=\"widget\" data-widget_type=\"text-editor.default\">\n\t\t\t\t<div class=\"elementor-widget-container\">\n\t\t\t\t\t\t\t<ul><li>Candido Borges &#8211; Presidente (UFG)<\/li><li>Glessia Silva de Lima (UFS)<\/li><li>Henrique Cordeiro Martins (UFV)<\/li><li>Hilka Pelizza Vier Machado (UNICESUMAR)<\/li><\/ul>\t\t\t\t\t\t<\/div>\n\t\t\t\t<\/div>\n\t\t\t\t\t<\/div>\n\t\t<\/div>\n\t\t\t\t\t<\/div>\n\t\t<\/section>\n\t\t\t\t<section class=\"elementor-section elementor-top-section elementor-element elementor-element-169ffe84 elementor-section-boxed elementor-section-height-default elementor-section-height-default\" data-id=\"169ffe84\" data-element_type=\"section\">\n\t\t\t\t\t\t<div class=\"elementor-container elementor-column-gap-default\">\n\t\t\t\t\t<div class=\"elementor-column elementor-col-100 elementor-top-column elementor-element elementor-element-63414fdd\" data-id=\"63414fdd\" data-element_type=\"column\">\n\t\t\t<div class=\"elementor-widget-wrap elementor-element-populated\">\n\t\t\t\t\t\t<section class=\"elementor-section elementor-inner-section elementor-element elementor-element-21462c5 elementor-section-boxed elementor-section-height-default elementor-section-height-default\" data-id=\"21462c5\" data-element_type=\"section\">\n\t\t\t\t\t\t<div class=\"elementor-container elementor-column-gap-default\">\n\t\t\t\t\t<div class=\"elementor-column elementor-col-50 elementor-inner-column elementor-element elementor-element-39247efc\" data-id=\"39247efc\" data-element_type=\"column\">\n\t\t\t<div class=\"elementor-widget-wrap elementor-element-populated\">\n\t\t\t\t\t\t<div class=\"elementor-element elementor-element-61886d16 elementor-widget elementor-widget-heading\" data-id=\"61886d16\" data-element_type=\"widget\" data-widget_type=\"heading.default\">\n\t\t\t\t<div class=\"elementor-widget-container\">\n\t\t\t<h2 class=\"elementor-heading-title elementor-size-default\">Mais informa\u00e7\u00f5es<\/h2>\t\t<\/div>\n\t\t\t\t<\/div>\n\t\t\t\t<div class=\"elementor-element elementor-element-2ff42c66 elementor-widget elementor-widget-text-editor\" data-id=\"2ff42c66\" data-element_type=\"widget\" data-widget_type=\"text-editor.default\">\n\t\t\t\t<div class=\"elementor-widget-container\">\n\t\t\t\t\t\t\t<ul>\n \t<li><strong>Site do\u00a0<a href=\"https:\/\/egepe.org.br\/xiv-egepe\">XIV EGEPE<\/a><\/strong><\/li>\n<li><strong>Site da\u00a0<a href=\"http:\/\/www.anegepe.org.br\/\" target=\"_blank\" rel=\"noopener\">ANEGEPE<\/a><\/strong><\/li>\n<\/ul>\t\t\t\t\t\t<\/div>\n\t\t\t\t<\/div>\n\t\t\t\t\t<\/div>\n\t\t<\/div>\n\t\t\t\t<div class=\"elementor-column elementor-col-50 elementor-inner-column elementor-element elementor-element-2eae2ee1\" data-id=\"2eae2ee1\" data-element_type=\"column\">\n\t\t\t<div class=\"elementor-widget-wrap elementor-element-populated\">\n\t\t\t\t\t\t<div class=\"elementor-element elementor-element-28ef533 elementor-widget elementor-widget-heading\" data-id=\"28ef533\" data-element_type=\"widget\" data-widget_type=\"heading.default\">\n\t\t\t\t<div class=\"elementor-widget-container\">\n\t\t\t<h2 class=\"elementor-heading-title elementor-size-default\">Redes Sociais<\/h2>\t\t<\/div>\n\t\t\t\t<\/div>\n\t\t\t\t<div class=\"elementor-element elementor-element-20751214 elementor-widget elementor-widget-text-editor\" data-id=\"20751214\" data-element_type=\"widget\" data-widget_type=\"text-editor.default\">\n\t\t\t\t<div class=\"elementor-widget-container\">\n\t\t\t\t\t\t\t<ul><li><a href=\"https:\/\/www.instagram.com\/anegepeoficial\"><span style=\"font-weight: 400;\">Instagram<\/span><\/a><\/li><li><a href=\"https:\/\/www.linkedin.com\/company\/anegepe\/\"><span style=\"font-weight: 400;\">Linkedin<\/span><\/a><\/li><li><a href=\"https:\/\/www.facebook.com\/egepe.org\"><span style=\"font-weight: 400;\">Facebook<\/span><\/a><\/li><\/ul>\t\t\t\t\t\t<\/div>\n\t\t\t\t<\/div>\n\t\t\t\t\t<\/div>\n\t\t<\/div>\n\t\t\t\t\t<\/div>\n\t\t<\/section>\n\t\t\t\t\t<\/div>\n\t\t<\/div>\n\t\t\t\t\t<\/div>\n\t\t<\/section>\n\t\t\t\t<\/div>\n\t\t","protected":false},"excerpt":{"rendered":"<p>Pr\u00eamio Anegepe de Teses Fast-track COORDENA\u00c7\u00c3O DO XIV EGEPE 2026 Coordena\u00e7\u00e3o Geral Rose Mary Almeida Lopes (ANEGEPE) Comit\u00ea Cient\u00edfico Cristiano Morini \u2013 Presidente \u00a0 (UNICAMP) Edmilson de Oliveira Lima (UNINOVE)\u00a0 Nadya Regina Galo (UFF) Renata Peregrino Brito (PUC Rio) Simony Rodrigues Marins (UFRJ) COMIT\u00ca ORGANIZADOR Rose Mary Almeida Lopes &#8211; Presidente &#8211; ANEGEPE Sandra Mariano [&hellip;]<\/p>\n","protected":false},"author":6,"featured_media":0,"parent":0,"menu_order":0,"comment_status":"closed","ping_status":"closed","template":"","meta":{"site-sidebar-layout":"no-sidebar","site-content-layout":"page-builder","ast-site-content-layout":"default","site-content-style":"default","site-sidebar-style":"default","ast-global-header-display":"","ast-banner-title-visibility":"","ast-main-header-display":"","ast-hfb-above-header-display":"","ast-hfb-below-header-display":"","ast-hfb-mobile-header-display":"","site-post-title":"disabled","ast-breadcrumbs-content":"","ast-featured-img":"disabled","footer-sml-layout":"","ast-disable-related-posts":"","theme-transparent-header-meta":"default","adv-header-id-meta":"","stick-header-meta":"","header-above-stick-meta":"","header-main-stick-meta":"","header-below-stick-meta":"","astra-migrate-meta-layouts":"default","ast-page-background-enabled":"default","ast-page-background-meta":{"desktop":{"background-color":"var(--ast-global-color-4)","background-image":"","background-repeat":"repeat","background-position":"center center","background-size":"auto","background-attachment":"scroll","background-type":"","background-media":"","overlay-type":"","overlay-color":"","overlay-opacity":"","overlay-gradient":""},"tablet":{"background-color":"","background-image":"","background-repeat":"repeat","background-position":"center center","background-size":"auto","background-attachment":"scroll","background-type":"","background-media":"","overlay-type":"","overlay-color":"","overlay-opacity":"","overlay-gradient":""},"mobile":{"background-color":"","background-image":"","background-repeat":"repeat","background-position":"center center","background-size":"auto","background-attachment":"scroll","background-type":"","background-media":"","overlay-type":"","overlay-color":"","overlay-opacity":"","overlay-gradient":""}},"ast-content-background-meta":{"desktop":{"background-color":"var(--ast-global-color-5)","background-image":"","background-repeat":"repeat","background-position":"center center","background-size":"auto","background-attachment":"scroll","background-type":"","background-media":"","overlay-type":"","overlay-color":"","overlay-opacity":"","overlay-gradient":""},"tablet":{"background-color":"var(--ast-global-color-5)","background-image":"","background-repeat":"repeat","background-position":"center center","background-size":"auto","background-attachment":"scroll","background-type":"","background-media":"","overlay-type":"","overlay-color":"","overlay-opacity":"","overlay-gradient":""},"mobile":{"background-color":"var(--ast-global-color-5)","background-image":"","background-repeat":"repeat","background-position":"center center","background-size":"auto","background-attachment":"scroll","background-type":"","background-media":"","overlay-type":"","overlay-color":"","overlay-opacity":"","overlay-gradient":""}},"footnotes":""},"class_list":["post-1843","page","type-page","status-publish","hentry"],"_links":{"self":[{"href":"https:\/\/egepe.org.br\/xiv-egepe\/wp-json\/wp\/v2\/pages\/1843","targetHints":{"allow":["GET"]}}],"collection":[{"href":"https:\/\/egepe.org.br\/xiv-egepe\/wp-json\/wp\/v2\/pages"}],"about":[{"href":"https:\/\/egepe.org.br\/xiv-egepe\/wp-json\/wp\/v2\/types\/page"}],"author":[{"embeddable":true,"href":"https:\/\/egepe.org.br\/xiv-egepe\/wp-json\/wp\/v2\/users\/6"}],"replies":[{"embeddable":true,"href":"https:\/\/egepe.org.br\/xiv-egepe\/wp-json\/wp\/v2\/comments?post=1843"}],"version-history":[{"count":35,"href":"https:\/\/egepe.org.br\/xiv-egepe\/wp-json\/wp\/v2\/pages\/1843\/revisions"}],"predecessor-version":[{"id":1944,"href":"https:\/\/egepe.org.br\/xiv-egepe\/wp-json\/wp\/v2\/pages\/1843\/revisions\/1944"}],"wp:attachment":[{"href":"https:\/\/egepe.org.br\/xiv-egepe\/wp-json\/wp\/v2\/media?parent=1843"}],"curies":[{"name":"wp","href":"https:\/\/api.w.org\/{rel}","templated":true}]}}