{"id":212,"date":"2021-11-09T21:04:39","date_gmt":"2021-11-10T00:04:39","guid":{"rendered":"http:\/\/egepe.org.br\/xiv-egepe\/?page_id=212"},"modified":"2026-03-20T10:31:20","modified_gmt":"2026-03-20T13:31:20","slug":"submissao-de-trabalhos","status":"publish","type":"page","link":"https:\/\/egepe.org.br\/xiv-egepe\/submissao-de-trabalhos\/","title":{"rendered":"Submiss\u00e3o de Trabalhos"},"content":{"rendered":"\t\t<div data-elementor-type=\"wp-page\" data-elementor-id=\"212\" class=\"elementor elementor-212\" data-elementor-post-type=\"page\">\n\t\t\t\t\t\t<section class=\"elementor-section elementor-top-section elementor-element elementor-element-4844ed93 elementor-section-height-min-height elementor-section-boxed elementor-section-height-default elementor-section-items-middle\" data-id=\"4844ed93\" data-element_type=\"section\" data-settings=\"{&quot;background_background&quot;:&quot;classic&quot;}\">\n\t\t\t\t\t\t<div class=\"elementor-container elementor-column-gap-default\">\n\t\t\t\t\t<div class=\"elementor-column elementor-col-100 elementor-top-column elementor-element elementor-element-5d84324f\" data-id=\"5d84324f\" data-element_type=\"column\">\n\t\t\t<div class=\"elementor-widget-wrap elementor-element-populated\">\n\t\t\t\t\t\t<div class=\"elementor-element elementor-element-51a5d1f9 elementor-widget elementor-widget-heading\" data-id=\"51a5d1f9\" data-element_type=\"widget\" data-widget_type=\"heading.default\">\n\t\t\t\t<div class=\"elementor-widget-container\">\n\t\t\t<h2 class=\"elementor-heading-title elementor-size-default\">SUBMISS\u00c3O DE TRABALHOS<\/h2>\t\t<\/div>\n\t\t\t\t<\/div>\n\t\t\t\t\t<\/div>\n\t\t<\/div>\n\t\t\t\t\t<\/div>\n\t\t<\/section>\n\t\t\t\t<section class=\"elementor-section elementor-top-section elementor-element elementor-element-469705d2 elementor-section-boxed elementor-section-height-default elementor-section-height-default\" data-id=\"469705d2\" data-element_type=\"section\">\n\t\t\t\t\t\t<div class=\"elementor-container elementor-column-gap-default\">\n\t\t\t\t\t<div class=\"elementor-column elementor-col-100 elementor-top-column elementor-element elementor-element-7cab3432\" data-id=\"7cab3432\" data-element_type=\"column\">\n\t\t\t<div class=\"elementor-widget-wrap elementor-element-populated\">\n\t\t\t\t\t\t<div class=\"elementor-element elementor-element-217c24a6 elementor-widget elementor-widget-heading\" data-id=\"217c24a6\" data-element_type=\"widget\" data-widget_type=\"heading.default\">\n\t\t\t\t<div class=\"elementor-widget-container\">\n\t\t\t<h2 class=\"elementor-heading-title elementor-size-default\">INSTRU\u00c7\u00d5ES DE SUBMISS\u00c3O<\/h2>\t\t<\/div>\n\t\t\t\t<\/div>\n\t\t\t\t<div class=\"elementor-element elementor-element-5b185050 elementor-widget elementor-widget-text-editor\" data-id=\"5b185050\" data-element_type=\"widget\" data-widget_type=\"text-editor.default\">\n\t\t\t\t<div class=\"elementor-widget-container\">\n\t\t\t\t\t\t\t<p>Em breve atualizaremos este conte\u00fado.<\/p>\t\t\t\t\t\t<\/div>\n\t\t\t\t<\/div>\n\t\t\t\t\t<\/div>\n\t\t<\/div>\n\t\t\t\t\t<\/div>\n\t\t<\/section>\n\t\t\t\t<section class=\"elementor-section elementor-top-section elementor-element elementor-element-b721688 elementor-section-boxed elementor-section-height-default elementor-section-height-default\" data-id=\"b721688\" data-element_type=\"section\">\n\t\t\t\t\t\t<div class=\"elementor-container elementor-column-gap-default\">\n\t\t\t\t\t<div class=\"elementor-column elementor-col-100 elementor-top-column elementor-element elementor-element-49662c3a\" data-id=\"49662c3a\" data-element_type=\"column\">\n\t\t\t<div class=\"elementor-widget-wrap elementor-element-populated\">\n\t\t\t\t\t\t<div class=\"elementor-element elementor-element-5c5ac687 elementor-widget elementor-widget-heading\" data-id=\"5c5ac687\" data-element_type=\"widget\" data-widget_type=\"heading.default\">\n\t\t\t\t<div class=\"elementor-widget-container\">\n\t\t\t<h2 class=\"elementor-heading-title elementor-size-default\">COORDENA\u00c7\u00c3O DO XIV EGEPE 2026\n<\/h2>\t\t<\/div>\n\t\t\t\t<\/div>\n\t\t\t\t<section class=\"elementor-section elementor-inner-section elementor-element elementor-element-3401afad elementor-section-boxed elementor-section-height-default elementor-section-height-default\" data-id=\"3401afad\" data-element_type=\"section\">\n\t\t\t\t\t\t<div class=\"elementor-container elementor-column-gap-default\">\n\t\t\t\t\t<div class=\"elementor-column elementor-col-33 elementor-inner-column elementor-element elementor-element-13006f2b\" data-id=\"13006f2b\" data-element_type=\"column\">\n\t\t\t<div class=\"elementor-widget-wrap elementor-element-populated\">\n\t\t\t\t\t\t<div class=\"elementor-element elementor-element-7629ef14 elementor-widget elementor-widget-heading\" data-id=\"7629ef14\" data-element_type=\"widget\" data-widget_type=\"heading.default\">\n\t\t\t\t<div class=\"elementor-widget-container\">\n\t\t\t<h2 class=\"elementor-heading-title elementor-size-default\">Coordena\u00e7\u00e3o Geral<\/h2>\t\t<\/div>\n\t\t\t\t<\/div>\n\t\t\t\t<div class=\"elementor-element elementor-element-722292f8 elementor-widget elementor-widget-text-editor\" data-id=\"722292f8\" data-element_type=\"widget\" data-widget_type=\"text-editor.default\">\n\t\t\t\t<div class=\"elementor-widget-container\">\n\t\t\t\t\t\t\t<ul><li>Rose Mary Almeida Lopes (ANEGEPE)<\/li><\/ul>\t\t\t\t\t\t<\/div>\n\t\t\t\t<\/div>\n\t\t\t\t\t<\/div>\n\t\t<\/div>\n\t\t\t\t<div class=\"elementor-column elementor-col-33 elementor-inner-column elementor-element elementor-element-6d2e305\" data-id=\"6d2e305\" data-element_type=\"column\">\n\t\t\t<div class=\"elementor-widget-wrap elementor-element-populated\">\n\t\t\t\t\t\t<div class=\"elementor-element elementor-element-67c54562 elementor-widget elementor-widget-heading\" data-id=\"67c54562\" data-element_type=\"widget\" data-widget_type=\"heading.default\">\n\t\t\t\t<div class=\"elementor-widget-container\">\n\t\t\t<h2 class=\"elementor-heading-title elementor-size-default\">Comit\u00ea Cient\u00edfico<\/h2>\t\t<\/div>\n\t\t\t\t<\/div>\n\t\t\t\t<div class=\"elementor-element elementor-element-43a945c3 elementor-widget elementor-widget-text-editor\" data-id=\"43a945c3\" data-element_type=\"widget\" data-widget_type=\"text-editor.default\">\n\t\t\t\t<div class=\"elementor-widget-container\">\n\t\t\t\t\t\t\t<ul><li><span style=\"font-weight: 400;\">Cristiano Morini \u2013 Presidente \u00a0 <\/span> <span style=\"font-weight: 400;\">(UNICAMP)<\/span><\/li><li><span style=\"font-weight: 400;\">Edmilson de Oliveira Lima <\/span> <span style=\"font-weight: 400;\">(UNINOVE)\u00a0<\/span><\/li><li><span style=\"font-weight: 400;\">Nadya Regina Galo <\/span> <span style=\"font-weight: 400;\">(UFF)<\/span><\/li><li><span style=\"font-weight: 400;\">Renata Peregrino Brito <\/span><span style=\"font-weight: 400;\">(PUC Rio)<\/span><\/li><li><span style=\"font-weight: 400;\">Simony Rodrigues Marins <\/span><span style=\"font-weight: 400;\">(UFRJ)<\/span><\/li><\/ul>\t\t\t\t\t\t<\/div>\n\t\t\t\t<\/div>\n\t\t\t\t\t<\/div>\n\t\t<\/div>\n\t\t\t\t<div class=\"elementor-column elementor-col-33 elementor-inner-column elementor-element elementor-element-574856de\" data-id=\"574856de\" data-element_type=\"column\">\n\t\t\t<div class=\"elementor-widget-wrap elementor-element-populated\">\n\t\t\t\t\t\t<div class=\"elementor-element elementor-element-373d9f9a elementor-widget__width-initial elementor-widget elementor-widget-heading\" data-id=\"373d9f9a\" data-element_type=\"widget\" data-widget_type=\"heading.default\">\n\t\t\t\t<div class=\"elementor-widget-container\">\n\t\t\t<h2 class=\"elementor-heading-title elementor-size-default\">COMIT\u00ca ORGANIZADOR<\/h2>\t\t<\/div>\n\t\t\t\t<\/div>\n\t\t\t\t<div class=\"elementor-element elementor-element-5819b865 elementor-widget elementor-widget-text-editor\" data-id=\"5819b865\" data-element_type=\"widget\" data-widget_type=\"text-editor.default\">\n\t\t\t\t<div class=\"elementor-widget-container\">\n\t\t\t\t\t\t\t<ul><li>Rose Mary Almeida Lopes &#8211; Presidente &#8211; ANEGEPE<\/li><li><span style=\"font-weight: 400;\">Sandra Mariano &#8211; Presidente (UFF)<\/span><\/li><li><span style=\"font-weight: 400;\">Robson Cunha (UFF)<\/span><\/li><li><span style=\"font-weight: 400;\">Claudia de Freitas Lopes Costa (UNISUAM)<\/span><\/li><li><span style=\"font-weight: 400;\">Gracyanne Freire de Ara\u00fajo (UFS)<\/span><\/li><\/ul>\t\t\t\t\t\t<\/div>\n\t\t\t\t<\/div>\n\t\t\t\t\t<\/div>\n\t\t<\/div>\n\t\t\t\t\t<\/div>\n\t\t<\/section>\n\t\t\t\t\t<\/div>\n\t\t<\/div>\n\t\t\t\t\t<\/div>\n\t\t<\/section>\n\t\t\t\t<section class=\"elementor-section elementor-top-section elementor-element elementor-element-21603dbd elementor-section-boxed elementor-section-height-default elementor-section-height-default\" data-id=\"21603dbd\" data-element_type=\"section\">\n\t\t\t\t\t\t<div class=\"elementor-container elementor-column-gap-default\">\n\t\t\t\t\t<div class=\"elementor-column elementor-col-33 elementor-top-column elementor-element elementor-element-5118a821\" data-id=\"5118a821\" data-element_type=\"column\">\n\t\t\t<div class=\"elementor-widget-wrap elementor-element-populated\">\n\t\t\t\t\t\t<div class=\"elementor-element elementor-element-5ba8e2aa elementor-widget elementor-widget-heading\" data-id=\"5ba8e2aa\" data-element_type=\"widget\" data-widget_type=\"heading.default\">\n\t\t\t\t<div class=\"elementor-widget-container\">\n\t\t\t<h2 class=\"elementor-heading-title elementor-size-default\">Coordena\u00e7\u00e3o do Cons\u00f3rcio de Projetos de Mestrado e Doutorado<\/h2>\t\t<\/div>\n\t\t\t\t<\/div>\n\t\t\t\t<div class=\"elementor-element elementor-element-2b155847 elementor-widget elementor-widget-text-editor\" data-id=\"2b155847\" data-element_type=\"widget\" data-widget_type=\"text-editor.default\">\n\t\t\t\t<div class=\"elementor-widget-container\">\n\t\t\t\t\t\t\t<ul><li><span style=\"font-weight: 400;\">Roosiley dos Santos Souza &#8211; Coordenadora\u00a0 (UFMS)<\/span><\/li><li><span style=\"font-weight: 400;\">Georgia Patr\u00edcia da Silva Ferko &#8211; Coordenadora Adjunta (UFRR)<\/span><\/li><\/ul>\t\t\t\t\t\t<\/div>\n\t\t\t\t<\/div>\n\t\t\t\t\t<\/div>\n\t\t<\/div>\n\t\t\t\t<div class=\"elementor-column elementor-col-33 elementor-top-column elementor-element elementor-element-4e55d3d0\" data-id=\"4e55d3d0\" data-element_type=\"column\">\n\t\t\t<div class=\"elementor-widget-wrap elementor-element-populated\">\n\t\t\t\t\t\t<div class=\"elementor-element elementor-element-7db25875 elementor-widget elementor-widget-heading\" data-id=\"7db25875\" data-element_type=\"widget\" data-widget_type=\"heading.default\">\n\t\t\t\t<div class=\"elementor-widget-container\">\n\t\t\t<h2 class=\"elementor-heading-title elementor-size-default\">Comit\u00ea de Fast-Track<\/h2>\t\t<\/div>\n\t\t\t\t<\/div>\n\t\t\t\t<div class=\"elementor-element elementor-element-31caae61 elementor-widget elementor-widget-text-editor\" data-id=\"31caae61\" data-element_type=\"widget\" data-widget_type=\"text-editor.default\">\n\t\t\t\t<div class=\"elementor-widget-container\">\n\t\t\t\t\t\t\t<ul><li>Jo\u00e3o Paulo Moreira Silva (Centro Universit\u00e1rio Unihorizontes) \u2013 Presidente<\/li><li><span style=\"font-weight: 400;\">Liliane de Oliveira Guimar\u00e3es (PUC Minas)<br \/><\/span><\/li><li>M\u00e1rcia Freire de Oliveira (UFU)<\/li><\/ul>\t\t\t\t\t\t<\/div>\n\t\t\t\t<\/div>\n\t\t\t\t\t<\/div>\n\t\t<\/div>\n\t\t\t\t<div class=\"elementor-column elementor-col-33 elementor-top-column elementor-element elementor-element-23d2c44\" data-id=\"23d2c44\" data-element_type=\"column\">\n\t\t\t<div class=\"elementor-widget-wrap elementor-element-populated\">\n\t\t\t\t\t\t<div class=\"elementor-element elementor-element-c967c2d elementor-widget elementor-widget-heading\" data-id=\"c967c2d\" data-element_type=\"widget\" data-widget_type=\"heading.default\">\n\t\t\t\t<div class=\"elementor-widget-container\">\n\t\t\t<h2 class=\"elementor-heading-title elementor-size-default\">Comit\u00ea do Pr\u00eamio ANEGEPE de TESES<\/h2>\t\t<\/div>\n\t\t\t\t<\/div>\n\t\t\t\t<div class=\"elementor-element elementor-element-4c12b98 elementor-widget elementor-widget-text-editor\" data-id=\"4c12b98\" data-element_type=\"widget\" data-widget_type=\"text-editor.default\">\n\t\t\t\t<div class=\"elementor-widget-container\">\n\t\t\t\t\t\t\t<ul><li>Candido Borges &#8211; Presidente (UFG)<\/li><li>Glessia Silva de Lima (UFS)<\/li><li>Henrique Cordeiro Martins (UFV)<\/li><li>Hilka Pelizza Vier Machado (UNICESUMAR)<\/li><\/ul>\t\t\t\t\t\t<\/div>\n\t\t\t\t<\/div>\n\t\t\t\t\t<\/div>\n\t\t<\/div>\n\t\t\t\t\t<\/div>\n\t\t<\/section>\n\t\t\t\t<section class=\"elementor-section elementor-top-section elementor-element elementor-element-e56ca06 elementor-section-boxed elementor-section-height-default elementor-section-height-default\" data-id=\"e56ca06\" data-element_type=\"section\">\n\t\t\t\t\t\t<div class=\"elementor-container elementor-column-gap-default\">\n\t\t\t\t\t<div class=\"elementor-column elementor-col-100 elementor-top-column elementor-element elementor-element-42bcbde6\" data-id=\"42bcbde6\" data-element_type=\"column\">\n\t\t\t<div class=\"elementor-widget-wrap elementor-element-populated\">\n\t\t\t\t\t\t<section class=\"elementor-section elementor-inner-section elementor-element elementor-element-4cbb2a31 elementor-section-boxed elementor-section-height-default elementor-section-height-default\" data-id=\"4cbb2a31\" data-element_type=\"section\">\n\t\t\t\t\t\t<div class=\"elementor-container elementor-column-gap-default\">\n\t\t\t\t\t<div class=\"elementor-column elementor-col-50 elementor-inner-column elementor-element elementor-element-2a4efd3d\" data-id=\"2a4efd3d\" data-element_type=\"column\">\n\t\t\t<div class=\"elementor-widget-wrap elementor-element-populated\">\n\t\t\t\t\t\t<div class=\"elementor-element elementor-element-61cc4a7e elementor-widget elementor-widget-heading\" data-id=\"61cc4a7e\" data-element_type=\"widget\" data-widget_type=\"heading.default\">\n\t\t\t\t<div class=\"elementor-widget-container\">\n\t\t\t<h2 class=\"elementor-heading-title elementor-size-default\">Mais informa\u00e7\u00f5es<\/h2>\t\t<\/div>\n\t\t\t\t<\/div>\n\t\t\t\t<div class=\"elementor-element elementor-element-c198a95 elementor-widget elementor-widget-text-editor\" data-id=\"c198a95\" data-element_type=\"widget\" data-widget_type=\"text-editor.default\">\n\t\t\t\t<div class=\"elementor-widget-container\">\n\t\t\t\t\t\t\t<ul>\n \t<li><strong>Site do\u00a0<a href=\"https:\/\/egepe.org.br\/xiv-egepe\">XIV EGEPE<\/a><\/strong><\/li>\n<li><strong>Site da\u00a0<a href=\"http:\/\/www.anegepe.org.br\/\" target=\"_blank\" rel=\"noopener\">ANEGEPE<\/a><\/strong><\/li>\n<\/ul>\t\t\t\t\t\t<\/div>\n\t\t\t\t<\/div>\n\t\t\t\t\t<\/div>\n\t\t<\/div>\n\t\t\t\t<div class=\"elementor-column elementor-col-50 elementor-inner-column elementor-element elementor-element-2fa7381\" data-id=\"2fa7381\" data-element_type=\"column\">\n\t\t\t<div class=\"elementor-widget-wrap elementor-element-populated\">\n\t\t\t\t\t\t<div class=\"elementor-element elementor-element-7f3bc20c elementor-widget elementor-widget-heading\" data-id=\"7f3bc20c\" data-element_type=\"widget\" data-widget_type=\"heading.default\">\n\t\t\t\t<div class=\"elementor-widget-container\">\n\t\t\t<h2 class=\"elementor-heading-title elementor-size-default\">Redes Sociais<\/h2>\t\t<\/div>\n\t\t\t\t<\/div>\n\t\t\t\t<div class=\"elementor-element elementor-element-3665ecc elementor-widget elementor-widget-text-editor\" data-id=\"3665ecc\" data-element_type=\"widget\" data-widget_type=\"text-editor.default\">\n\t\t\t\t<div class=\"elementor-widget-container\">\n\t\t\t\t\t\t\t<ul><li><a href=\"https:\/\/www.instagram.com\/anegepeoficial\"><span style=\"font-weight: 400;\">Instagram<\/span><\/a><\/li><li><a href=\"https:\/\/www.linkedin.com\/company\/anegepe\/\"><span style=\"font-weight: 400;\">Linkedin<\/span><\/a><\/li><li><a href=\"https:\/\/www.facebook.com\/egepe.org\"><span style=\"font-weight: 400;\">Facebook<\/span><\/a><\/li><\/ul>\t\t\t\t\t\t<\/div>\n\t\t\t\t<\/div>\n\t\t\t\t\t<\/div>\n\t\t<\/div>\n\t\t\t\t\t<\/div>\n\t\t<\/section>\n\t\t\t\t\t<\/div>\n\t\t<\/div>\n\t\t\t\t\t<\/div>\n\t\t<\/section>\n\t\t\t\t<\/div>\n\t\t","protected":false},"excerpt":{"rendered":"<p>SUBMISS\u00c3O DE TRABALHOS INSTRU\u00c7\u00d5ES DE SUBMISS\u00c3O Em breve atualizaremos este conte\u00fado. COORDENA\u00c7\u00c3O DO XIV EGEPE 2026 Coordena\u00e7\u00e3o Geral Rose Mary Almeida Lopes (ANEGEPE) Comit\u00ea Cient\u00edfico Cristiano Morini \u2013 Presidente \u00a0 (UNICAMP) Edmilson de Oliveira Lima (UNINOVE)\u00a0 Nadya Regina Galo (UFF) Renata Peregrino Brito (PUC Rio) Simony Rodrigues Marins (UFRJ) COMIT\u00ca ORGANIZADOR Rose Mary Almeida Lopes [&hellip;]<\/p>\n","protected":false},"author":1,"featured_media":0,"parent":0,"menu_order":0,"comment_status":"closed","ping_status":"closed","template":"","meta":{"site-sidebar-layout":"no-sidebar","site-content-layout":"page-builder","ast-site-content-layout":"default","site-content-style":"default","site-sidebar-style":"default","ast-global-header-display":"","ast-banner-title-visibility":"","ast-main-header-display":"","ast-hfb-above-header-display":"","ast-hfb-below-header-display":"","ast-hfb-mobile-header-display":"","site-post-title":"disabled","ast-breadcrumbs-content":"","ast-featured-img":"disabled","footer-sml-layout":"","ast-disable-related-posts":"","theme-transparent-header-meta":"default","adv-header-id-meta":"","stick-header-meta":"","header-above-stick-meta":"","header-main-stick-meta":"","header-below-stick-meta":"","astra-migrate-meta-layouts":"default","ast-page-background-enabled":"default","ast-page-background-meta":{"desktop":{"background-color":"var(--ast-global-color-4)","background-image":"","background-repeat":"repeat","background-position":"center center","background-size":"auto","background-attachment":"scroll","background-type":"","background-media":"","overlay-type":"","overlay-color":"","overlay-opacity":"","overlay-gradient":""},"tablet":{"background-color":"","background-image":"","background-repeat":"repeat","background-position":"center center","background-size":"auto","background-attachment":"scroll","background-type":"","background-media":"","overlay-type":"","overlay-color":"","overlay-opacity":"","overlay-gradient":""},"mobile":{"background-color":"","background-image":"","background-repeat":"repeat","background-position":"center center","background-size":"auto","background-attachment":"scroll","background-type":"","background-media":"","overlay-type":"","overlay-color":"","overlay-opacity":"","overlay-gradient":""}},"ast-content-background-meta":{"desktop":{"background-color":"var(--ast-global-color-5)","background-image":"","background-repeat":"repeat","background-position":"center center","background-size":"auto","background-attachment":"scroll","background-type":"","background-media":"","overlay-type":"","overlay-color":"","overlay-opacity":"","overlay-gradient":""},"tablet":{"background-color":"var(--ast-global-color-5)","background-image":"","background-repeat":"repeat","background-position":"center center","background-size":"auto","background-attachment":"scroll","background-type":"","background-media":"","overlay-type":"","overlay-color":"","overlay-opacity":"","overlay-gradient":""},"mobile":{"background-color":"var(--ast-global-color-5)","background-image":"","background-repeat":"repeat","background-position":"center center","background-size":"auto","background-attachment":"scroll","background-type":"","background-media":"","overlay-type":"","overlay-color":"","overlay-opacity":"","overlay-gradient":""}},"footnotes":""},"class_list":["post-212","page","type-page","status-publish","hentry"],"_links":{"self":[{"href":"https:\/\/egepe.org.br\/xiv-egepe\/wp-json\/wp\/v2\/pages\/212","targetHints":{"allow":["GET"]}}],"collection":[{"href":"https:\/\/egepe.org.br\/xiv-egepe\/wp-json\/wp\/v2\/pages"}],"about":[{"href":"https:\/\/egepe.org.br\/xiv-egepe\/wp-json\/wp\/v2\/types\/page"}],"author":[{"embeddable":true,"href":"https:\/\/egepe.org.br\/xiv-egepe\/wp-json\/wp\/v2\/users\/1"}],"replies":[{"embeddable":true,"href":"https:\/\/egepe.org.br\/xiv-egepe\/wp-json\/wp\/v2\/comments?post=212"}],"version-history":[{"count":22,"href":"https:\/\/egepe.org.br\/xiv-egepe\/wp-json\/wp\/v2\/pages\/212\/revisions"}],"predecessor-version":[{"id":1928,"href":"https:\/\/egepe.org.br\/xiv-egepe\/wp-json\/wp\/v2\/pages\/212\/revisions\/1928"}],"wp:attachment":[{"href":"https:\/\/egepe.org.br\/xiv-egepe\/wp-json\/wp\/v2\/media?parent=212"}],"curies":[{"name":"wp","href":"https:\/\/api.w.org\/{rel}","templated":true}]}}