{"id":342,"date":"2021-12-22T10:44:33","date_gmt":"2021-12-22T13:44:33","guid":{"rendered":"http:\/\/egepe.org.br\/xiv-egepe\/?page_id=342"},"modified":"2026-03-12T11:15:07","modified_gmt":"2026-03-12T14:15:07","slug":"valores-das-inscricoes","status":"publish","type":"page","link":"https:\/\/egepe.org.br\/xiv-egepe\/valores-das-inscricoes\/","title":{"rendered":"Valores das Inscri\u00e7\u00f5es"},"content":{"rendered":"\t\t<div data-elementor-type=\"wp-page\" data-elementor-id=\"342\" class=\"elementor elementor-342\" data-elementor-post-type=\"page\">\n\t\t\t\t\t\t<section class=\"elementor-section elementor-top-section elementor-element elementor-element-c1a1a73 elementor-section-height-min-height elementor-section-boxed elementor-section-height-default elementor-section-items-middle\" data-id=\"c1a1a73\" data-element_type=\"section\" data-settings=\"{&quot;background_background&quot;:&quot;classic&quot;}\">\n\t\t\t\t\t\t<div class=\"elementor-container elementor-column-gap-default\">\n\t\t\t\t\t<div class=\"elementor-column elementor-col-100 elementor-top-column elementor-element elementor-element-0fe37f7\" data-id=\"0fe37f7\" data-element_type=\"column\">\n\t\t\t<div class=\"elementor-widget-wrap elementor-element-populated\">\n\t\t\t\t\t\t<div class=\"elementor-element elementor-element-0668f19 elementor-widget elementor-widget-heading\" data-id=\"0668f19\" data-element_type=\"widget\" data-widget_type=\"heading.default\">\n\t\t\t\t<div class=\"elementor-widget-container\">\n\t\t\t<h2 class=\"elementor-heading-title elementor-size-default\">Valores das inscri\u00e7\u00f5es<\/h2>\t\t<\/div>\n\t\t\t\t<\/div>\n\t\t\t\t\t<\/div>\n\t\t<\/div>\n\t\t\t\t\t<\/div>\n\t\t<\/section>\n\t\t\t\t<section class=\"elementor-section elementor-top-section elementor-element elementor-element-3e7b839 elementor-section-boxed elementor-section-height-default elementor-section-height-default\" data-id=\"3e7b839\" data-element_type=\"section\">\n\t\t\t\t\t\t<div class=\"elementor-container elementor-column-gap-default\">\n\t\t\t\t\t<div class=\"elementor-column elementor-col-100 elementor-top-column elementor-element elementor-element-9695c92\" data-id=\"9695c92\" data-element_type=\"column\">\n\t\t\t<div class=\"elementor-widget-wrap elementor-element-populated\">\n\t\t\t\t\t\t<div class=\"elementor-element elementor-element-c3193e6 elementor-widget elementor-widget-heading\" data-id=\"c3193e6\" data-element_type=\"widget\" data-widget_type=\"heading.default\">\n\t\t\t\t<div class=\"elementor-widget-container\">\n\t\t\t<h2 class=\"elementor-heading-title elementor-size-default\">INSCRI\u00c7\u00d5ES<\/h2>\t\t<\/div>\n\t\t\t\t<\/div>\n\t\t\t\t\t<\/div>\n\t\t<\/div>\n\t\t\t\t\t<\/div>\n\t\t<\/section>\n\t\t\t\t<section class=\"elementor-section elementor-top-section elementor-element elementor-element-1d5315a elementor-section-boxed elementor-section-height-default elementor-section-height-default\" data-id=\"1d5315a\" data-element_type=\"section\">\n\t\t\t\t\t\t<div class=\"elementor-container elementor-column-gap-default\">\n\t\t\t\t\t<div class=\"elementor-column elementor-col-100 elementor-top-column elementor-element elementor-element-6961f3c\" data-id=\"6961f3c\" data-element_type=\"column\">\n\t\t\t<div class=\"elementor-widget-wrap elementor-element-populated\">\n\t\t\t\t\t\t<div class=\"elementor-element elementor-element-9aa4061 elementor-widget elementor-widget-text-editor\" data-id=\"9aa4061\" data-element_type=\"widget\" data-widget_type=\"text-editor.default\">\n\t\t\t\t<div class=\"elementor-widget-container\">\n\t\t\t\t\t\t\t<style>\n    .tabela-container {\n        overflow-x: auto;\n        width: 100%;\n        margin-bottom: 20px;\n    }\n    .tabela-egepe {\n        width: 100%;\n        border-collapse: collapse;\n        min-width: 900px;\n        font-family: Arial, sans-serif;\n        color: #002b5e;\n        font-size: 14px;\n    }\n    .tabela-egepe caption {\n        font-size: 18px;\n        font-weight: bold;\n        color: #002b5e;\n        margin-bottom: 15px;\n        text-transform: uppercase;\n    }\n    .tabela-egepe th, .tabela-egepe td {\n        border: 1px solid #000000;\n        padding: 10px 8px;\n        text-align: center;\n        vertical-align: middle;\n        font-weight: bold;\n    }\n    .tabela-egepe td.col-cat {\n        text-align: left;\n    }\n    .bg-amarelo { background-color: #fafa70; }\n    .bg-azul { background-color: #b4c6e7; }\n    .bg-verde { background-color: #c6e0b4; }\n    .bg-pessego { background-color: #fce4d6; }\n    .bg-cinza { background-color: #b3b3b3; text-align: left; }\n<\/style>\n\n<div class=\"tabela-container\">\n    <table class=\"tabela-egepe\">\n        <caption>VALORES DAS INSCRI\u00c7\u00d5ES NO XIV EGEPE<\/caption>\n        <thead>\n            <tr>\n                <th rowspan=\"2\" class=\"bg-amarelo\">CATEGORIAS<\/th>\n                <th colspan=\"2\" class=\"bg-azul\">ASSOCIADOS DA ANEGEPE &#8211; quites com a anuidade de 2026<\/th>\n                <th colspan=\"2\" class=\"bg-verde\">COMBOS &#8211; inscri\u00e7\u00e3o + anuidade ANEGEPE<\/th>\n                <th colspan=\"2\" class=\"bg-pessego\">INSCRI\u00c7\u00d5ES SEM ASSOCIA\u00c7\u00c3O \u00c0 ANEGEPE<\/th>\n            <\/tr>\n            <tr>\n                <th class=\"bg-azul\">1\u00ba Lote<br>01\/02\/2026<br>a<br>31\/03\/2026<\/th>\n                <th class=\"bg-azul\">2\u00ba Lote<br>01\/04\/2026<br>a<br>28\/06\/2026<\/th>\n                <th class=\"bg-verde\">1\u00ba Lote<br>01\/02\/2026<br>a<br>31\/03\/2026<\/th>\n                <th class=\"bg-verde\">2\u00ba Lote<br>01\/04\/2026<br>a<br>28\/06\/2026<\/th>\n                <th class=\"bg-pessego\">1\u00ba Lote<br>01\/02\/2026 a<br>31\/03\/2026<\/th>\n                <th class=\"bg-pessego\">2\u00ba Lote<br>01\/04\/2026 a<br>28\/06\/2026<\/th>\n            <\/tr>\n        <\/thead>\n        <tbody>\n            <tr>\n                <td class=\"col-cat bg-amarelo\">Professores e\/ou pesquisadores<\/td>\n                <td class=\"bg-azul\">R$ 500,00<\/td>\n                <td class=\"bg-azul\">R$ 580,00<\/td>\n                <td class=\"bg-verde\">R$ 650,00<\/td>\n                <td class=\"bg-verde\">R$ 730,00<\/td>\n                <td class=\"bg-pessego\">R$ 700,00<\/td>\n                <td class=\"bg-pessego\">R$ 780,00<\/td>\n            <\/tr>\n            <tr>\n                <td class=\"col-cat bg-amarelo\">L\u00edderes de tema<\/td>\n                <td class=\"bg-azul\">R$ 175,00<\/td>\n                <td class=\"bg-azul\">R$ 215,00<\/td>\n                <td class=\"bg-verde\">R$ 325,00<\/td>\n                <td class=\"bg-verde\">R$ 365,00<\/td>\n                <td class=\"bg-pessego\">R$ 350,00<\/td>\n                <td class=\"bg-pessego\">R$ 390,00<\/td>\n            <\/tr>\n            <tr>\n                <td class=\"col-cat bg-amarelo\">Alunos de P\u00f3s-Gradua\u00e7\u00e3o<\/td>\n                <td class=\"bg-azul\">R$ 225,00<\/td>\n                <td class=\"bg-azul\">R$ 265,00<\/td>\n                <td class=\"bg-verde\">R$ 300,00<\/td>\n                <td class=\"bg-verde\">R$ 340,00<\/td>\n                <td class=\"bg-pessego\">R$ 320,00<\/td>\n                <td class=\"bg-pessego\">R$ 375,00<\/td>\n            <\/tr>\n            <tr>\n                <td class=\"col-cat bg-amarelo\">Alunos de Gradua\u00e7\u00e3o<\/td>\n                <td class=\"bg-azul\">R$ 65,00<\/td>\n                <td class=\"bg-azul\">R$ 75,00<\/td>\n                <td class=\"bg-verde\">R$ 130,00<\/td>\n                <td class=\"bg-verde\">R$ 150,00<\/td>\n                <td class=\"bg-pessego\">R$ 150,00<\/td>\n                <td class=\"bg-pessego\">R$ 180,00<\/td>\n            <\/tr>\n            <tr>\n                <td class=\"bg-cinza\">(ap\u00f3s divulga\u00e7\u00e3o dos resultados das submiss\u00f5es)<\/td>\n                <td colspan=\"2\" class=\"bg-azul\">De 16\/05 a 10\/06<\/td>\n                <td colspan=\"2\" class=\"bg-verde\">De 16\/05 a 10\/06<\/td>\n                <td colspan=\"2\" class=\"bg-pessego\">De 16\/05 a 10\/06<\/td>\n            <\/tr>\n            <tr>\n                <td class=\"col-cat bg-amarelo\">Professores e\/ou pesquisadores &#8211; autores de trabalhos aprovados<\/td>\n                <td class=\"bg-azul\"><\/td>\n                <td class=\"bg-azul\">R$ 500,00<\/td>\n                <td class=\"bg-verde\"><\/td>\n                <td class=\"bg-verde\">R$ 650,00<\/td>\n                <td class=\"bg-pessego\"><\/td>\n                <td class=\"bg-pessego\">R$ 700,00<\/td>\n            <\/tr>\n            <tr>\n                <td class=\"col-cat bg-amarelo\">L\u00edderes de tema &#8211; autores de trabalhos aprovados<\/td>\n                <td class=\"bg-azul\"><\/td>\n                <td class=\"bg-azul\">R$ 175,00<\/td>\n                <td class=\"bg-verde\"><\/td>\n                <td class=\"bg-verde\">R$ 325,00<\/td>\n                <td class=\"bg-pessego\"><\/td>\n                <td class=\"bg-pessego\">R$ 350,00<\/td>\n            <\/tr>\n            <tr>\n                <td class=\"col-cat bg-amarelo\">Alunos de p\u00f3s-gradua\u00e7\u00e3o &#8211; autores de artigos aprovados<\/td>\n                <td class=\"bg-azul\"><\/td>\n                <td class=\"bg-azul\">R$ 225,00<\/td>\n                <td class=\"bg-verde\"><\/td>\n                <td class=\"bg-verde\">R$ 300,00<\/td>\n                <td class=\"bg-pessego\"><\/td>\n                <td class=\"bg-pessego\">R$ 320,00<\/td>\n            <\/tr>\n            <tr>\n                <td class=\"col-cat bg-amarelo\">Alunos de Gradua\u00e7\u00e3o autores de artigos aprovados<\/td>\n                <td class=\"bg-azul\"><\/td>\n                <td class=\"bg-azul\">R$ 65,00<\/td>\n                <td class=\"bg-verde\"><\/td>\n                <td class=\"bg-verde\">R$ 130,00<\/td>\n                <td class=\"bg-pessego\"><\/td>\n                <td class=\"bg-pessego\">R$ 150,00<\/td>\n            <\/tr>\n            <tr>\n                <td class=\"col-cat bg-amarelo\">Avaliadores dos trabalhos submetidos<\/td>\n                <td class=\"bg-azul\"><\/td>\n                <td class=\"bg-azul\">R$ 380,00<\/td>\n                <td class=\"bg-verde\"><\/td>\n                <td class=\"bg-verde\">R$ 500,00<\/td>\n                <td class=\"bg-pessego\"><\/td>\n                <td class=\"bg-pessego\">R$ 580,00<\/td>\n            <\/tr>\n        <\/tbody>\n    <\/table>\n<\/div>\t\t\t\t\t\t<\/div>\n\t\t\t\t<\/div>\n\t\t\t\t<div class=\"elementor-element elementor-element-63281cc elementor-hidden-desktop elementor-hidden-tablet elementor-hidden-mobile elementor-widget elementor-widget-text-editor\" data-id=\"63281cc\" data-element_type=\"widget\" data-widget_type=\"text-editor.default\">\n\t\t\t\t<div class=\"elementor-widget-container\">\n\t\t\t\t\t\t\t<table width=\"731\"><thead><tr><td width=\"350\"><h4><span style=\"color: #3ab54b;\"><strong>Categorias de inscri\u00e7\u00f5es<\/strong><\/span><\/h4><\/td><td style=\"text-align: center;\" width=\"100\"><h5><span style=\"color: #3ab54b;\"><strong>1\u00ba lote entre\u00a0 01\/02\/2026<br \/>at\u00e9<br \/>25\/03\/2026<\/strong><\/span><\/h5><\/td><td style=\"text-align: center;\" width=\"100\"><h5><span style=\"color: #3ab54b;\"><strong>2\u00ba lote entre<br \/>26\/03\/2026<br \/>at\u00e9<br \/>28\/06\/2026<\/strong><\/span><\/h5><\/td><\/tr><\/thead><tbody><tr><th style=\"background-color: #3ab54b;\" colspan=\"3\"><span style=\"color: #ffffff;\">COMBOS COM ASSOCIA\u00c7\u00c3O \u00c0 ANEGEPE<\/span><\/th><\/tr><tr><td><strong>Professores e\/ou Pesquisadores<\/strong> + anuidade 2026 ANEGEPE<\/td><td style=\"text-align: center;\">R$650,00<\/td><td style=\"text-align: center;\">R$730,00<\/td><\/tr><tr><td><strong>Alunos de P\u00f3s-Gradua\u00e7\u00e3o <\/strong> + anuidade 2026 ANEGEPE<\/td><td style=\"text-align: center;\">R$350,00<\/td><td style=\"text-align: center;\">R$380,00<\/td><\/tr><tr><td><b>Professores e\/ou pesquisadores autores <\/b>de artigos aprovados para apresenta\u00e7\u00e3o<\/td><td style=\"text-align: center;\">\u00a0<\/td><td style=\"text-align: center;\">R$600,00<br \/>(a partir de 16\/05)<\/td><\/tr><tr><td><b>L\u00edderes de tema<\/b><\/td><td style=\"text-align: center;\">R$ 250,00<\/td><td style=\"text-align: center;\">R$ 290,00<\/td><\/tr><tr><td><b>Alunos de p\u00f3s-gradua\u00e7\u00e3o autores <\/b>de artigos aprovados para apresenta\u00e7\u00e3o<\/td><td style=\"text-align: center;\">\u00a0<\/td><td style=\"text-align: center;\">R$ 300,00<\/td><\/tr><tr><td><strong>Avaliadores de trabalhos submetidos<\/strong><\/td><td style=\"text-align: center;\">\u00a0<\/td><td style=\"text-align: center;\">R$450,00<br \/>(a partir de 16\/05)<\/td><\/tr><tr><th style=\"background-color: #3ab54b;\" colspan=\"3\"><span style=\"color: #ffffff;\">ASSOCIADOS DA ANEGEPE (quites com anuidade de 2026)<\/span><\/th><\/tr><tr><td><strong>Professores e\/ou Pesquisadores <\/strong>j\u00e1 associados \u00e0 ANEGEPE em 2026<\/td><td style=\"text-align: center;\">R$500,00<\/td><td style=\"text-align: center;\">R$580,00<\/td><\/tr><tr><td><strong>Alunos de P\u00f3s-Gradua\u00e7\u00e3o <\/strong>j\u00e1 associados \u00e0 ANEGEPE em 2026<\/td><td style=\"text-align: center;\">R$250,00<\/td><td style=\"text-align: center;\">R$290,00<\/td><\/tr><tr><td><strong>Professores e\/ou pesquisadores \u2013 autores de trabalho aprovado<\/strong> &#8211; j\u00e1 associados \u00e0 ANEGEPE em 2026<\/td><td style=\"text-align: center;\">\u00a0<\/td><td style=\"text-align: center;\">R$500,00<br \/>(a partir de 16\/05)<\/td><\/tr><tr><td><strong>Alunos de P\u00f3s-Gradua\u00e7\u00e3o \u2013 autor de trabalho aprovado<\/strong> &#8211; j\u00e1 associados \u00e0 ANEGEPE em 2026<\/td><td style=\"text-align: center;\">\u00a0<\/td><td style=\"text-align: center;\">R$250,00<\/td><\/tr><tr><td><strong>Avaliadores de trabalhos submetidos<\/strong><\/td><td style=\"text-align: center;\">\u00a0<\/td><td style=\"text-align: center;\">R$410,00<br \/>(a partir de 16\/05)<\/td><\/tr><tr><th style=\"background-color: #3ab54b;\" colspan=\"3\"><span style=\"color: #ffffff;\">VALORES SEM ASSOCIA\u00c7\u00c3O \u00c0 ANEGEPE <\/span><\/th><\/tr><tr><td><strong>Professores, pesquisadores, profissionais e\/ou p\u00fablico em geral<\/strong><\/td><td style=\"text-align: center;\">R$700,00<\/td><td style=\"text-align: center;\">R$780,00<\/td><\/tr><tr><td><strong>L\u00edderes de tema <\/strong><\/td><td style=\"text-align: center;\">R$350,00<\/td><td style=\"text-align: center;\">R$390,00<\/td><\/tr><tr><td><strong>Professores e\/ou pesquisadores \u2013 autores de trabalho aprovado<\/strong> &#8211; n\u00e3o associados<\/td><td style=\"text-align: center;\">\u00a0<\/td><td style=\"text-align: center;\">R$600,00<br \/>(a partir de 16\/05)<\/td><\/tr><tr><td><strong>Alunos de P\u00f3s-Gradua\u00e7\u00e3o<\/strong><\/td><td style=\"text-align: center;\">R$320,00<\/td><td style=\"text-align: center;\">R$375,00<\/td><\/tr><tr><td><strong>Alunos de Gradua\u00e7\u00e3o<\/strong><\/td><td style=\"text-align: center;\">R$150,00<\/td><td style=\"text-align: center;\">R$180,00<\/td><\/tr><\/tbody><\/table>\t\t\t\t\t\t<\/div>\n\t\t\t\t<\/div>\n\t\t\t\t\t<\/div>\n\t\t<\/div>\n\t\t\t\t\t<\/div>\n\t\t<\/section>\n\t\t\t\t<\/div>\n\t\t","protected":false},"excerpt":{"rendered":"<p>Valores das inscri\u00e7\u00f5es INSCRI\u00c7\u00d5ES VALORES DAS INSCRI\u00c7\u00d5ES NO XIV EGEPE CATEGORIAS ASSOCIADOS DA ANEGEPE &#8211; quites com a anuidade de 2026 COMBOS &#8211; inscri\u00e7\u00e3o + anuidade ANEGEPE INSCRI\u00c7\u00d5ES SEM ASSOCIA\u00c7\u00c3O \u00c0 ANEGEPE 1\u00ba Lote01\/02\/2026a31\/03\/2026 2\u00ba Lote01\/04\/2026a28\/06\/2026 1\u00ba Lote01\/02\/2026a31\/03\/2026 2\u00ba Lote01\/04\/2026a28\/06\/2026 1\u00ba Lote01\/02\/2026 a31\/03\/2026 2\u00ba Lote01\/04\/2026 a28\/06\/2026 Professores e\/ou pesquisadores R$ 500,00 R$ 580,00 R$ 650,00 [&hellip;]<\/p>\n","protected":false},"author":1,"featured_media":0,"parent":0,"menu_order":0,"comment_status":"closed","ping_status":"closed","template":"","meta":{"site-sidebar-layout":"no-sidebar","site-content-layout":"page-builder","ast-site-content-layout":"default","site-content-style":"default","site-sidebar-style":"default","ast-global-header-display":"","ast-banner-title-visibility":"","ast-main-header-display":"","ast-hfb-above-header-display":"","ast-hfb-below-header-display":"","ast-hfb-mobile-header-display":"","site-post-title":"disabled","ast-breadcrumbs-content":"","ast-featured-img":"disabled","footer-sml-layout":"","ast-disable-related-posts":"","theme-transparent-header-meta":"default","adv-header-id-meta":"","stick-header-meta":"","header-above-stick-meta":"","header-main-stick-meta":"","header-below-stick-meta":"","astra-migrate-meta-layouts":"default","ast-page-background-enabled":"default","ast-page-background-meta":{"desktop":{"background-color":"var(--ast-global-color-4)","background-image":"","background-repeat":"repeat","background-position":"center center","background-size":"auto","background-attachment":"scroll","background-type":"","background-media":"","overlay-type":"","overlay-color":"","overlay-opacity":"","overlay-gradient":""},"tablet":{"background-color":"","background-image":"","background-repeat":"repeat","background-position":"center center","background-size":"auto","background-attachment":"scroll","background-type":"","background-media":"","overlay-type":"","overlay-color":"","overlay-opacity":"","overlay-gradient":""},"mobile":{"background-color":"","background-image":"","background-repeat":"repeat","background-position":"center center","background-size":"auto","background-attachment":"scroll","background-type":"","background-media":"","overlay-type":"","overlay-color":"","overlay-opacity":"","overlay-gradient":""}},"ast-content-background-meta":{"desktop":{"background-color":"var(--ast-global-color-5)","background-image":"","background-repeat":"repeat","background-position":"center center","background-size":"auto","background-attachment":"scroll","background-type":"","background-media":"","overlay-type":"","overlay-color":"","overlay-opacity":"","overlay-gradient":""},"tablet":{"background-color":"var(--ast-global-color-5)","background-image":"","background-repeat":"repeat","background-position":"center center","background-size":"auto","background-attachment":"scroll","background-type":"","background-media":"","overlay-type":"","overlay-color":"","overlay-opacity":"","overlay-gradient":""},"mobile":{"background-color":"var(--ast-global-color-5)","background-image":"","background-repeat":"repeat","background-position":"center center","background-size":"auto","background-attachment":"scroll","background-type":"","background-media":"","overlay-type":"","overlay-color":"","overlay-opacity":"","overlay-gradient":""}},"footnotes":""},"class_list":["post-342","page","type-page","status-publish","hentry"],"_links":{"self":[{"href":"https:\/\/egepe.org.br\/xiv-egepe\/wp-json\/wp\/v2\/pages\/342","targetHints":{"allow":["GET"]}}],"collection":[{"href":"https:\/\/egepe.org.br\/xiv-egepe\/wp-json\/wp\/v2\/pages"}],"about":[{"href":"https:\/\/egepe.org.br\/xiv-egepe\/wp-json\/wp\/v2\/types\/page"}],"author":[{"embeddable":true,"href":"https:\/\/egepe.org.br\/xiv-egepe\/wp-json\/wp\/v2\/users\/1"}],"replies":[{"embeddable":true,"href":"https:\/\/egepe.org.br\/xiv-egepe\/wp-json\/wp\/v2\/comments?post=342"}],"version-history":[{"count":112,"href":"https:\/\/egepe.org.br\/xiv-egepe\/wp-json\/wp\/v2\/pages\/342\/revisions"}],"predecessor-version":[{"id":1877,"href":"https:\/\/egepe.org.br\/xiv-egepe\/wp-json\/wp\/v2\/pages\/342\/revisions\/1877"}],"wp:attachment":[{"href":"https:\/\/egepe.org.br\/xiv-egepe\/wp-json\/wp\/v2\/media?parent=342"}],"curies":[{"name":"wp","href":"https:\/\/api.w.org\/{rel}","templated":true}]}}