{"id":466,"date":"2022-02-10T01:37:20","date_gmt":"2022-02-10T04:37:20","guid":{"rendered":"http:\/\/egepe.org.br\/xiv-egepe\/?page_id=466"},"modified":"2026-03-20T10:29:52","modified_gmt":"2026-03-20T13:29:52","slug":"fast-track","status":"publish","type":"page","link":"https:\/\/egepe.org.br\/xiv-egepe\/fast-track\/","title":{"rendered":"Fast Track"},"content":{"rendered":"\t\t<div data-elementor-type=\"wp-page\" data-elementor-id=\"466\" class=\"elementor elementor-466\" data-elementor-post-type=\"page\">\n\t\t\t\t\t\t<section class=\"elementor-section elementor-top-section elementor-element elementor-element-d88f661 elementor-section-height-min-height elementor-section-boxed elementor-section-height-default elementor-section-items-middle\" data-id=\"d88f661\" data-element_type=\"section\" data-settings=\"{&quot;background_background&quot;:&quot;classic&quot;}\">\n\t\t\t\t\t\t<div class=\"elementor-container elementor-column-gap-default\">\n\t\t\t\t\t<div class=\"elementor-column elementor-col-100 elementor-top-column elementor-element elementor-element-c120bdb\" data-id=\"c120bdb\" data-element_type=\"column\">\n\t\t\t<div class=\"elementor-widget-wrap elementor-element-populated\">\n\t\t\t\t\t\t<div class=\"elementor-element elementor-element-17f7881 elementor-widget elementor-widget-heading\" data-id=\"17f7881\" data-element_type=\"widget\" data-widget_type=\"heading.default\">\n\t\t\t\t<div class=\"elementor-widget-container\">\n\t\t\t<h2 class=\"elementor-heading-title elementor-size-default\">FAST TRACK<\/h2>\t\t<\/div>\n\t\t\t\t<\/div>\n\t\t\t\t\t<\/div>\n\t\t<\/div>\n\t\t\t\t\t<\/div>\n\t\t<\/section>\n\t\t\t\t<section class=\"elementor-section elementor-top-section elementor-element elementor-element-98fb810 elementor-section-boxed elementor-section-height-default elementor-section-height-default\" data-id=\"98fb810\" data-element_type=\"section\">\n\t\t\t\t\t\t<div class=\"elementor-container elementor-column-gap-default\">\n\t\t\t\t\t<div class=\"elementor-column elementor-col-100 elementor-top-column elementor-element elementor-element-407b59a\" data-id=\"407b59a\" data-element_type=\"column\">\n\t\t\t<div class=\"elementor-widget-wrap elementor-element-populated\">\n\t\t\t\t\t\t<div class=\"elementor-element elementor-element-df50760 elementor-widget elementor-widget-heading\" data-id=\"df50760\" data-element_type=\"widget\" data-widget_type=\"heading.default\">\n\t\t\t\t<div class=\"elementor-widget-container\">\n\t\t\t<h2 class=\"elementor-heading-title elementor-size-default\">COMUNICADO SOBRE O FAST-TRACK E PREMIA\u00c7\u00d5ES DO XIV EGEPE<\/h2>\t\t<\/div>\n\t\t\t\t<\/div>\n\t\t\t\t<div class=\"elementor-element elementor-element-bdecfc4 elementor-widget elementor-widget-text-editor\" data-id=\"bdecfc4\" data-element_type=\"widget\" data-widget_type=\"text-editor.default\">\n\t\t\t\t<div class=\"elementor-widget-container\">\n\t\t\t\t\t\t\t<p>O Comit\u00ea Cient\u00edfico (CC) do XIV EGEPE receber\u00e1 as indica\u00e7\u00f5es dos L\u00edderes de Eixo Tem\u00e1tico dos melhores trabalhos das 13 linhas tem\u00e1ticas. At\u00e9 um limite m\u00e1ximo de tr\u00eas (3) trabalhos poder\u00e3o ser indicados, como tamb\u00e9m poder\u00e1 N\u00c3O HAVER nenhuma indica\u00e7\u00e3o para um dado Eixo Tem\u00e1tico; de posse dessa lista referente ao par\u00e1grafo anterior o CC consolidar\u00e1 os resultados e seguir\u00e1 dois caminhos, a saber:<\/p>\t\t\t\t\t\t<\/div>\n\t\t\t\t<\/div>\n\t\t\t\t<div class=\"elementor-element elementor-element-e9cf5a2 elementor-widget elementor-widget-heading\" data-id=\"e9cf5a2\" data-element_type=\"widget\" data-widget_type=\"heading.default\">\n\t\t\t\t<div class=\"elementor-widget-container\">\n\t\t\t<h2 class=\"elementor-heading-title elementor-size-default\">INDICA\u00c7\u00c3O PARA FAST-TRACK<\/h2>\t\t<\/div>\n\t\t\t\t<\/div>\n\t\t\t\t<div class=\"elementor-element elementor-element-9990fac elementor-widget elementor-widget-text-editor\" data-id=\"9990fac\" data-element_type=\"widget\" data-widget_type=\"text-editor.default\">\n\t\t\t\t<div class=\"elementor-widget-container\">\n\t\t\t\t\t\t\t<p>1. Com a participa\u00e7\u00e3o do Comit\u00ea de Fast-Track ser\u00e3o selecionados at\u00e9 o m\u00e1ximo de dois (2) melhores trabalhos em cada Eixo Tem\u00e1tico.<br \/>2. Cada um dos trabalhos selecionados cf. item 1 ser\u00e3o indicados a um \u00fanico peri\u00f3dico respeitando-se a linha editorial das revistas parceiras. A partir desta indica\u00e7\u00e3o, os autores ter\u00e3o total autonomia para decidir se enviam seu trabalho para a revista indicada, sendo de sua pr\u00f3pria responsabilidade a adequa\u00e7\u00e3o do artigo \u00e0s normas da revista antes de seu envio.<br \/>3. A indica\u00e7\u00e3o do trabalho para Fast-Track n\u00e3o implica em publica\u00e7\u00e3o autom\u00e1tica do artigo no peri\u00f3dico, pois o artigo seguir\u00e1 pelos ritos da revista em quest\u00e3o, tendo ela (Editor(a) Chefe) a prerrogativa de aceitar ou n\u00e3o o trabalho. Para o XIV EGEPE foram estabelecidos acordos com as revistas:<\/p><ul><li>CGE \u2013 Cadernos de Gest\u00e3o e Empreendedorismo<\/li><li>Economia &amp;Gest\u00e3o<\/li><li>INMR &#8211; Innovation &amp; Management Review<\/li><li>IPTEC \u2013 Revista de Inova\u00e7\u00e3o, Projetos e Tecnologias<\/li><li>PODIUM: Sport, Leisure and Tourism Review<\/li><li>RAC \u2013 Revista de Administra\u00e7\u00e3o Contempor\u00e2nea<\/li><li>RBGN \u2013 Revista Brasileira de Gest\u00e3o de Neg\u00f3cios<\/li><li>RCA \u2013 Revista Ci\u00eancias Administrativas<\/li><li>REGEPE \u2013 Revista de Empreendedorismo e Gest\u00e3o de Pequenas Empresas<\/li><li>RELISE \u2013 Revista Livre de Sustentabilidade e Empreendedorismo<\/li><li>RIAE \u2013 Revista Ibero-Americana de Estrat\u00e9gia<\/li><li>RPCA \u2013 Revista Pensamento Contempor\u00e2neo em Administra\u00e7\u00e3o<\/li><\/ul>\t\t\t\t\t\t<\/div>\n\t\t\t\t<\/div>\n\t\t\t\t<div class=\"elementor-element elementor-element-e7356e0 elementor-widget elementor-widget-heading\" data-id=\"e7356e0\" data-element_type=\"widget\" data-widget_type=\"heading.default\">\n\t\t\t\t<div class=\"elementor-widget-container\">\n\t\t\t<h2 class=\"elementor-heading-title elementor-size-default\">PREMIA\u00c7\u00c3O DOS MELHORES TRABALHOS XIV EGEPE 2026<\/h2>\t\t<\/div>\n\t\t\t\t<\/div>\n\t\t\t\t<div class=\"elementor-element elementor-element-4c12c3a elementor-widget elementor-widget-text-editor\" data-id=\"4c12c3a\" data-element_type=\"widget\" data-widget_type=\"text-editor.default\">\n\t\t\t\t<div class=\"elementor-widget-container\">\n\t\t\t\t\t\t\t<p>4. Todos os trabalhos indicados no item 1 (excetuando-se os seis melhores premiados) ser\u00e3o automaticamente agraciados com certificados de Men\u00e7\u00e3o Honrosa XIV EGEPE 2026 de trabalhos destaque em seus respectivos Eixos Tem\u00e1ticos.<br \/>5. A partir da lista do item 1 o CC, o Comit\u00ea de Fast-Track em conjunto com a Diretoria da ANEGEPE ir\u00e3o selecionar os seis (6) melhores trabalhos gerais do XIV EGEPE 2026 sendo tr\u00eas (3) deles (1o, 2o e 3o) da \u00e1rea de Empreendedorismo e outros tr\u00eas (3) (1o, 2o e 3o) da \u00e1rea de Pequenas Empresas<br \/>6. A sess\u00e3o de premia\u00e7\u00e3o dos trabalhos agraciados com certificados de Men\u00e7\u00e3o Honrosa, Fast-Track e Melhores Trabalhos do XIV EGEPE 2026 ser\u00e1 realizada no jantar no dia 02\/07\/2026 \u00e0s 19h.<\/p>\t\t\t\t\t\t<\/div>\n\t\t\t\t<\/div>\n\t\t\t\t<div class=\"elementor-element elementor-element-0ea675f elementor-widget elementor-widget-heading\" data-id=\"0ea675f\" data-element_type=\"widget\" data-widget_type=\"heading.default\">\n\t\t\t\t<div class=\"elementor-widget-container\">\n\t\t\t<h2 class=\"elementor-heading-title elementor-size-default\">DISPOSI\u00c7\u00d5ES FINAIS<\/h2>\t\t<\/div>\n\t\t\t\t<\/div>\n\t\t\t\t<div class=\"elementor-element elementor-element-272c8ea elementor-widget elementor-widget-text-editor\" data-id=\"272c8ea\" data-element_type=\"widget\" data-widget_type=\"text-editor.default\">\n\t\t\t\t<div class=\"elementor-widget-container\">\n\t\t\t\t\t\t\t<ol start=\"7\"><li><span style=\"font-weight: 400;\"> Os trabalhos dos L\u00edderes de Eixo Tem\u00e1tico PODER\u00c3O concorrer ao Fast-Track, mas N\u00c3O SER\u00c3O selecionados para a premia\u00e7\u00e3o dos melhores trabalhos gerais do XIV EGEPE 2026. No caso de submeterem trabalho para o pr\u00f3prio tema, outro l\u00edder do eixo tem\u00e1tico \u00e9 que se encarregar\u00e1 do processo de avalia\u00e7\u00e3o, de modo a se garantir a \u00e9tica e lisura do processo. Em caso de resultados discordantes, o l\u00edder que estiver acompanhando esta avalia\u00e7\u00e3o encaminhar\u00e1 o trabalho para o Comit\u00ea Cient\u00edfico (CC) decidir e emitir a decis\u00e3o final sobre ele. Mesmo quando o trabalho for bem avaliado e recomendado para fast-track, o CC tamb\u00e9m analisar\u00e1 e dar\u00e1 sua decis\u00e3o final.<\/span><\/li><li><span style=\"font-weight: 400;\"> Os itens desta minuta poder\u00e3o sofrer eventuais altera\u00e7\u00f5es, atualiza\u00e7\u00f5es ou acr\u00e9scimos ser\u00e3o comunicados sempre pelos canais oficiais do evento.<\/span><\/li><li><span style=\"font-weight: 400;\"> Esta minuta entra em vigor na data 05\/03\/2026.<\/span><\/li><\/ol>\t\t\t\t\t\t<\/div>\n\t\t\t\t<\/div>\n\t\t\t\t\t<\/div>\n\t\t<\/div>\n\t\t\t\t\t<\/div>\n\t\t<\/section>\n\t\t\t\t<section class=\"elementor-section elementor-top-section elementor-element elementor-element-3a766d47 elementor-section-boxed elementor-section-height-default elementor-section-height-default\" data-id=\"3a766d47\" data-element_type=\"section\">\n\t\t\t\t\t\t<div class=\"elementor-container elementor-column-gap-default\">\n\t\t\t\t\t<div class=\"elementor-column elementor-col-100 elementor-top-column elementor-element elementor-element-5305155d\" data-id=\"5305155d\" data-element_type=\"column\">\n\t\t\t<div class=\"elementor-widget-wrap elementor-element-populated\">\n\t\t\t\t\t\t<div class=\"elementor-element elementor-element-4ff51e52 elementor-widget elementor-widget-heading\" data-id=\"4ff51e52\" data-element_type=\"widget\" data-widget_type=\"heading.default\">\n\t\t\t\t<div class=\"elementor-widget-container\">\n\t\t\t<h2 class=\"elementor-heading-title elementor-size-default\">COORDENA\u00c7\u00c3O DO XIV EGEPE 2026\n<\/h2>\t\t<\/div>\n\t\t\t\t<\/div>\n\t\t\t\t<section class=\"elementor-section elementor-inner-section elementor-element elementor-element-777af58d elementor-section-boxed elementor-section-height-default elementor-section-height-default\" data-id=\"777af58d\" data-element_type=\"section\">\n\t\t\t\t\t\t<div class=\"elementor-container elementor-column-gap-default\">\n\t\t\t\t\t<div class=\"elementor-column elementor-col-33 elementor-inner-column elementor-element elementor-element-2ebfdffe\" data-id=\"2ebfdffe\" data-element_type=\"column\">\n\t\t\t<div class=\"elementor-widget-wrap elementor-element-populated\">\n\t\t\t\t\t\t<div class=\"elementor-element elementor-element-7bbb84aa elementor-widget elementor-widget-heading\" data-id=\"7bbb84aa\" data-element_type=\"widget\" data-widget_type=\"heading.default\">\n\t\t\t\t<div class=\"elementor-widget-container\">\n\t\t\t<h2 class=\"elementor-heading-title elementor-size-default\">Coordena\u00e7\u00e3o Geral<\/h2>\t\t<\/div>\n\t\t\t\t<\/div>\n\t\t\t\t<div class=\"elementor-element elementor-element-42bc08b6 elementor-widget elementor-widget-text-editor\" data-id=\"42bc08b6\" data-element_type=\"widget\" data-widget_type=\"text-editor.default\">\n\t\t\t\t<div class=\"elementor-widget-container\">\n\t\t\t\t\t\t\t<ul><li>Rose Mary Almeida Lopes (ANEGEPE)<\/li><\/ul>\t\t\t\t\t\t<\/div>\n\t\t\t\t<\/div>\n\t\t\t\t\t<\/div>\n\t\t<\/div>\n\t\t\t\t<div class=\"elementor-column elementor-col-33 elementor-inner-column elementor-element elementor-element-586a2eed\" data-id=\"586a2eed\" data-element_type=\"column\">\n\t\t\t<div class=\"elementor-widget-wrap elementor-element-populated\">\n\t\t\t\t\t\t<div class=\"elementor-element elementor-element-5d96d3e1 elementor-widget elementor-widget-heading\" data-id=\"5d96d3e1\" data-element_type=\"widget\" data-widget_type=\"heading.default\">\n\t\t\t\t<div class=\"elementor-widget-container\">\n\t\t\t<h2 class=\"elementor-heading-title elementor-size-default\">Comit\u00ea Cient\u00edfico<\/h2>\t\t<\/div>\n\t\t\t\t<\/div>\n\t\t\t\t<div class=\"elementor-element elementor-element-45a6a1f5 elementor-widget elementor-widget-text-editor\" data-id=\"45a6a1f5\" data-element_type=\"widget\" data-widget_type=\"text-editor.default\">\n\t\t\t\t<div class=\"elementor-widget-container\">\n\t\t\t\t\t\t\t<ul><li><span style=\"font-weight: 400;\">Cristiano Morini \u2013 Presidente \u00a0 <\/span> <span style=\"font-weight: 400;\">(UNICAMP)<\/span><\/li><li><span style=\"font-weight: 400;\">Edmilson de Oliveira Lima <\/span> <span style=\"font-weight: 400;\">(UNINOVE)\u00a0<\/span><\/li><li><span style=\"font-weight: 400;\">Nadya Regina Galo <\/span> <span style=\"font-weight: 400;\">(UFF)<\/span><\/li><li><span style=\"font-weight: 400;\">Renata Peregrino Brito <\/span><span style=\"font-weight: 400;\">(PUC Rio)<\/span><\/li><li><span style=\"font-weight: 400;\">Simony Rodrigues Marins <\/span><span style=\"font-weight: 400;\">(UFRJ)<\/span><\/li><\/ul>\t\t\t\t\t\t<\/div>\n\t\t\t\t<\/div>\n\t\t\t\t\t<\/div>\n\t\t<\/div>\n\t\t\t\t<div class=\"elementor-column elementor-col-33 elementor-inner-column elementor-element elementor-element-5557d56a\" data-id=\"5557d56a\" data-element_type=\"column\">\n\t\t\t<div class=\"elementor-widget-wrap elementor-element-populated\">\n\t\t\t\t\t\t<div class=\"elementor-element elementor-element-7ade90d6 elementor-widget__width-initial elementor-widget elementor-widget-heading\" data-id=\"7ade90d6\" data-element_type=\"widget\" data-widget_type=\"heading.default\">\n\t\t\t\t<div class=\"elementor-widget-container\">\n\t\t\t<h2 class=\"elementor-heading-title elementor-size-default\">COMIT\u00ca ORGANIZADOR<\/h2>\t\t<\/div>\n\t\t\t\t<\/div>\n\t\t\t\t<div class=\"elementor-element elementor-element-3a8e1cb0 elementor-widget elementor-widget-text-editor\" data-id=\"3a8e1cb0\" data-element_type=\"widget\" data-widget_type=\"text-editor.default\">\n\t\t\t\t<div class=\"elementor-widget-container\">\n\t\t\t\t\t\t\t<ul><li>Rose Mary Almeida Lopes &#8211; Presidente &#8211; ANEGEPE<\/li><li><span style=\"font-weight: 400;\">Sandra Mariano &#8211; Presidente (UFF)<\/span><\/li><li><span style=\"font-weight: 400;\">Robson Cunha (UFF)<\/span><\/li><li><span style=\"font-weight: 400;\">Claudia de Freitas Lopes Costa (UNISUAM)<\/span><\/li><li><span style=\"font-weight: 400;\">Gracyanne Freire de Ara\u00fajo (UFS)<\/span><\/li><\/ul>\t\t\t\t\t\t<\/div>\n\t\t\t\t<\/div>\n\t\t\t\t\t<\/div>\n\t\t<\/div>\n\t\t\t\t\t<\/div>\n\t\t<\/section>\n\t\t\t\t\t<\/div>\n\t\t<\/div>\n\t\t\t\t\t<\/div>\n\t\t<\/section>\n\t\t\t\t<section class=\"elementor-section elementor-top-section elementor-element elementor-element-47c2cea5 elementor-section-boxed elementor-section-height-default elementor-section-height-default\" data-id=\"47c2cea5\" data-element_type=\"section\">\n\t\t\t\t\t\t<div class=\"elementor-container elementor-column-gap-default\">\n\t\t\t\t\t<div class=\"elementor-column elementor-col-33 elementor-top-column elementor-element elementor-element-444178b7\" data-id=\"444178b7\" data-element_type=\"column\">\n\t\t\t<div class=\"elementor-widget-wrap elementor-element-populated\">\n\t\t\t\t\t\t<div class=\"elementor-element elementor-element-377563b9 elementor-widget elementor-widget-heading\" data-id=\"377563b9\" data-element_type=\"widget\" data-widget_type=\"heading.default\">\n\t\t\t\t<div class=\"elementor-widget-container\">\n\t\t\t<h2 class=\"elementor-heading-title elementor-size-default\">Coordena\u00e7\u00e3o do Cons\u00f3rcio de Projetos de Mestrado e Doutorado<\/h2>\t\t<\/div>\n\t\t\t\t<\/div>\n\t\t\t\t<div class=\"elementor-element elementor-element-62ffd5c0 elementor-widget elementor-widget-text-editor\" data-id=\"62ffd5c0\" data-element_type=\"widget\" data-widget_type=\"text-editor.default\">\n\t\t\t\t<div class=\"elementor-widget-container\">\n\t\t\t\t\t\t\t<ul><li><span style=\"font-weight: 400;\">Roosiley dos Santos Souza &#8211; Coordenadora\u00a0 (UFMS)<\/span><\/li><li><span style=\"font-weight: 400;\">Georgia Patr\u00edcia da Silva Ferko &#8211; Coordenadora Adjunta (UFRR)<\/span><\/li><\/ul>\t\t\t\t\t\t<\/div>\n\t\t\t\t<\/div>\n\t\t\t\t\t<\/div>\n\t\t<\/div>\n\t\t\t\t<div class=\"elementor-column elementor-col-33 elementor-top-column elementor-element elementor-element-b0bea37\" data-id=\"b0bea37\" data-element_type=\"column\">\n\t\t\t<div class=\"elementor-widget-wrap elementor-element-populated\">\n\t\t\t\t\t\t<div class=\"elementor-element elementor-element-35b8755f elementor-widget elementor-widget-heading\" data-id=\"35b8755f\" data-element_type=\"widget\" data-widget_type=\"heading.default\">\n\t\t\t\t<div class=\"elementor-widget-container\">\n\t\t\t<h2 class=\"elementor-heading-title elementor-size-default\">Comit\u00ea de Fast-Track<\/h2>\t\t<\/div>\n\t\t\t\t<\/div>\n\t\t\t\t<div class=\"elementor-element elementor-element-1f92fe5a elementor-widget elementor-widget-text-editor\" data-id=\"1f92fe5a\" data-element_type=\"widget\" data-widget_type=\"text-editor.default\">\n\t\t\t\t<div class=\"elementor-widget-container\">\n\t\t\t\t\t\t\t<ul><li><span style=\"font-weight: 400;\">Jo\u00e3o Paulo Moreira Silva &#8211; Editor Adjunto da REGEPE<\/span><\/li><li><span style=\"font-weight: 400;\">Liliane de Oliveira Guimar\u00e3es (PUC Minas)<br \/><\/span><\/li><li>M\u00e1rcia Freire de Oliveira (UFU)<\/li><\/ul>\t\t\t\t\t\t<\/div>\n\t\t\t\t<\/div>\n\t\t\t\t\t<\/div>\n\t\t<\/div>\n\t\t\t\t<div class=\"elementor-column elementor-col-33 elementor-top-column elementor-element elementor-element-804b1c9\" data-id=\"804b1c9\" data-element_type=\"column\">\n\t\t\t<div class=\"elementor-widget-wrap elementor-element-populated\">\n\t\t\t\t\t\t<div class=\"elementor-element elementor-element-2647055 elementor-widget elementor-widget-heading\" data-id=\"2647055\" data-element_type=\"widget\" data-widget_type=\"heading.default\">\n\t\t\t\t<div class=\"elementor-widget-container\">\n\t\t\t<h2 class=\"elementor-heading-title elementor-size-default\">Comit\u00ea do Pr\u00eamio ANEGEPE de TESES<\/h2>\t\t<\/div>\n\t\t\t\t<\/div>\n\t\t\t\t<div class=\"elementor-element elementor-element-791555b elementor-widget elementor-widget-text-editor\" data-id=\"791555b\" data-element_type=\"widget\" data-widget_type=\"text-editor.default\">\n\t\t\t\t<div class=\"elementor-widget-container\">\n\t\t\t\t\t\t\t<ul><li>Candido Borges &#8211; Presidente (UFG)<\/li><li>Glessia Silva de Lima (UFS)<\/li><li>Henrique Cordeiro Martins (UFV)<\/li><li>Hilka Pelizza Vier Machado (UNICESUMAR)<\/li><\/ul>\t\t\t\t\t\t<\/div>\n\t\t\t\t<\/div>\n\t\t\t\t\t<\/div>\n\t\t<\/div>\n\t\t\t\t\t<\/div>\n\t\t<\/section>\n\t\t\t\t<section class=\"elementor-section elementor-top-section elementor-element elementor-element-169ffe84 elementor-section-boxed elementor-section-height-default elementor-section-height-default\" data-id=\"169ffe84\" data-element_type=\"section\">\n\t\t\t\t\t\t<div class=\"elementor-container elementor-column-gap-default\">\n\t\t\t\t\t<div class=\"elementor-column elementor-col-100 elementor-top-column elementor-element elementor-element-63414fdd\" data-id=\"63414fdd\" data-element_type=\"column\">\n\t\t\t<div class=\"elementor-widget-wrap elementor-element-populated\">\n\t\t\t\t\t\t<section class=\"elementor-section elementor-inner-section elementor-element elementor-element-21462c5 elementor-section-boxed elementor-section-height-default elementor-section-height-default\" data-id=\"21462c5\" data-element_type=\"section\">\n\t\t\t\t\t\t<div class=\"elementor-container elementor-column-gap-default\">\n\t\t\t\t\t<div class=\"elementor-column elementor-col-50 elementor-inner-column elementor-element elementor-element-39247efc\" data-id=\"39247efc\" data-element_type=\"column\">\n\t\t\t<div class=\"elementor-widget-wrap elementor-element-populated\">\n\t\t\t\t\t\t<div class=\"elementor-element elementor-element-61886d16 elementor-widget elementor-widget-heading\" data-id=\"61886d16\" data-element_type=\"widget\" data-widget_type=\"heading.default\">\n\t\t\t\t<div class=\"elementor-widget-container\">\n\t\t\t<h2 class=\"elementor-heading-title elementor-size-default\">Mais informa\u00e7\u00f5es<\/h2>\t\t<\/div>\n\t\t\t\t<\/div>\n\t\t\t\t<div class=\"elementor-element elementor-element-2ff42c66 elementor-widget elementor-widget-text-editor\" data-id=\"2ff42c66\" data-element_type=\"widget\" data-widget_type=\"text-editor.default\">\n\t\t\t\t<div class=\"elementor-widget-container\">\n\t\t\t\t\t\t\t<ul>\n \t<li><strong>Site do\u00a0<a href=\"https:\/\/egepe.org.br\/xiv-egepe\">XIV EGEPE<\/a><\/strong><\/li>\n<li><strong>Site da\u00a0<a href=\"http:\/\/www.anegepe.org.br\/\" target=\"_blank\" rel=\"noopener\">ANEGEPE<\/a><\/strong><\/li>\n<\/ul>\t\t\t\t\t\t<\/div>\n\t\t\t\t<\/div>\n\t\t\t\t\t<\/div>\n\t\t<\/div>\n\t\t\t\t<div class=\"elementor-column elementor-col-50 elementor-inner-column elementor-element elementor-element-2eae2ee1\" data-id=\"2eae2ee1\" data-element_type=\"column\">\n\t\t\t<div class=\"elementor-widget-wrap elementor-element-populated\">\n\t\t\t\t\t\t<div class=\"elementor-element elementor-element-28ef533 elementor-widget elementor-widget-heading\" data-id=\"28ef533\" data-element_type=\"widget\" data-widget_type=\"heading.default\">\n\t\t\t\t<div class=\"elementor-widget-container\">\n\t\t\t<h2 class=\"elementor-heading-title elementor-size-default\">Redes Sociais<\/h2>\t\t<\/div>\n\t\t\t\t<\/div>\n\t\t\t\t<div class=\"elementor-element elementor-element-20751214 elementor-widget elementor-widget-text-editor\" data-id=\"20751214\" data-element_type=\"widget\" data-widget_type=\"text-editor.default\">\n\t\t\t\t<div class=\"elementor-widget-container\">\n\t\t\t\t\t\t\t<ul><li><a href=\"https:\/\/www.instagram.com\/anegepeoficial\"><span style=\"font-weight: 400;\">Instagram<\/span><\/a><\/li><li><a href=\"https:\/\/www.linkedin.com\/company\/anegepe\/\"><span style=\"font-weight: 400;\">Linkedin<\/span><\/a><\/li><li><a href=\"https:\/\/www.facebook.com\/egepe.org\"><span style=\"font-weight: 400;\">Facebook<\/span><\/a><\/li><\/ul>\t\t\t\t\t\t<\/div>\n\t\t\t\t<\/div>\n\t\t\t\t\t<\/div>\n\t\t<\/div>\n\t\t\t\t\t<\/div>\n\t\t<\/section>\n\t\t\t\t\t<\/div>\n\t\t<\/div>\n\t\t\t\t\t<\/div>\n\t\t<\/section>\n\t\t\t\t<\/div>\n\t\t","protected":false},"excerpt":{"rendered":"<p>FAST TRACK COMUNICADO SOBRE O FAST-TRACK E PREMIA\u00c7\u00d5ES DO XIV EGEPE O Comit\u00ea Cient\u00edfico (CC) do XIV EGEPE receber\u00e1 as indica\u00e7\u00f5es dos L\u00edderes de Eixo Tem\u00e1tico dos melhores trabalhos das 13 linhas tem\u00e1ticas. At\u00e9 um limite m\u00e1ximo de tr\u00eas (3) trabalhos poder\u00e3o ser indicados, como tamb\u00e9m poder\u00e1 N\u00c3O HAVER nenhuma indica\u00e7\u00e3o para um dado Eixo [&hellip;]<\/p>\n","protected":false},"author":1,"featured_media":0,"parent":0,"menu_order":0,"comment_status":"closed","ping_status":"closed","template":"","meta":{"site-sidebar-layout":"no-sidebar","site-content-layout":"page-builder","ast-site-content-layout":"default","site-content-style":"default","site-sidebar-style":"default","ast-global-header-display":"","ast-banner-title-visibility":"","ast-main-header-display":"","ast-hfb-above-header-display":"","ast-hfb-below-header-display":"","ast-hfb-mobile-header-display":"","site-post-title":"disabled","ast-breadcrumbs-content":"","ast-featured-img":"disabled","footer-sml-layout":"","ast-disable-related-posts":"","theme-transparent-header-meta":"default","adv-header-id-meta":"","stick-header-meta":"","header-above-stick-meta":"","header-main-stick-meta":"","header-below-stick-meta":"","astra-migrate-meta-layouts":"default","ast-page-background-enabled":"default","ast-page-background-meta":{"desktop":{"background-color":"var(--ast-global-color-4)","background-image":"","background-repeat":"repeat","background-position":"center center","background-size":"auto","background-attachment":"scroll","background-type":"","background-media":"","overlay-type":"","overlay-color":"","overlay-opacity":"","overlay-gradient":""},"tablet":{"background-color":"","background-image":"","background-repeat":"repeat","background-position":"center center","background-size":"auto","background-attachment":"scroll","background-type":"","background-media":"","overlay-type":"","overlay-color":"","overlay-opacity":"","overlay-gradient":""},"mobile":{"background-color":"","background-image":"","background-repeat":"repeat","background-position":"center center","background-size":"auto","background-attachment":"scroll","background-type":"","background-media":"","overlay-type":"","overlay-color":"","overlay-opacity":"","overlay-gradient":""}},"ast-content-background-meta":{"desktop":{"background-color":"var(--ast-global-color-5)","background-image":"","background-repeat":"repeat","background-position":"center center","background-size":"auto","background-attachment":"scroll","background-type":"","background-media":"","overlay-type":"","overlay-color":"","overlay-opacity":"","overlay-gradient":""},"tablet":{"background-color":"var(--ast-global-color-5)","background-image":"","background-repeat":"repeat","background-position":"center center","background-size":"auto","background-attachment":"scroll","background-type":"","background-media":"","overlay-type":"","overlay-color":"","overlay-opacity":"","overlay-gradient":""},"mobile":{"background-color":"var(--ast-global-color-5)","background-image":"","background-repeat":"repeat","background-position":"center center","background-size":"auto","background-attachment":"scroll","background-type":"","background-media":"","overlay-type":"","overlay-color":"","overlay-opacity":"","overlay-gradient":""}},"footnotes":""},"class_list":["post-466","page","type-page","status-publish","hentry"],"_links":{"self":[{"href":"https:\/\/egepe.org.br\/xiv-egepe\/wp-json\/wp\/v2\/pages\/466","targetHints":{"allow":["GET"]}}],"collection":[{"href":"https:\/\/egepe.org.br\/xiv-egepe\/wp-json\/wp\/v2\/pages"}],"about":[{"href":"https:\/\/egepe.org.br\/xiv-egepe\/wp-json\/wp\/v2\/types\/page"}],"author":[{"embeddable":true,"href":"https:\/\/egepe.org.br\/xiv-egepe\/wp-json\/wp\/v2\/users\/1"}],"replies":[{"embeddable":true,"href":"https:\/\/egepe.org.br\/xiv-egepe\/wp-json\/wp\/v2\/comments?post=466"}],"version-history":[{"count":85,"href":"https:\/\/egepe.org.br\/xiv-egepe\/wp-json\/wp\/v2\/pages\/466\/revisions"}],"predecessor-version":[{"id":1925,"href":"https:\/\/egepe.org.br\/xiv-egepe\/wp-json\/wp\/v2\/pages\/466\/revisions\/1925"}],"wp:attachment":[{"href":"https:\/\/egepe.org.br\/xiv-egepe\/wp-json\/wp\/v2\/media?parent=466"}],"curies":[{"name":"wp","href":"https:\/\/api.w.org\/{rel}","templated":true}]}}