{"id":874,"date":"2024-01-29T17:36:19","date_gmt":"2024-01-29T20:36:19","guid":{"rendered":"http:\/\/egepe.org.br\/xiv-egepe\/?page_id=874"},"modified":"2026-04-23T13:59:26","modified_gmt":"2026-04-23T16:59:26","slug":"premio-anegepe-de-teses","status":"publish","type":"page","link":"https:\/\/egepe.org.br\/xiv-egepe\/premio-anegepe-de-teses\/","title":{"rendered":"Pr\u00eamio ANEGEPE de Teses"},"content":{"rendered":"\t\t<div data-elementor-type=\"wp-page\" data-elementor-id=\"874\" class=\"elementor elementor-874\" data-elementor-post-type=\"page\">\n\t\t\t\t\t\t<section class=\"elementor-section elementor-top-section elementor-element elementor-element-1d69a61 elementor-section-height-min-height elementor-section-boxed elementor-section-height-default elementor-section-items-middle\" data-id=\"1d69a61\" data-element_type=\"section\" data-settings=\"{&quot;background_background&quot;:&quot;classic&quot;}\">\n\t\t\t\t\t\t<div class=\"elementor-container elementor-column-gap-default\">\n\t\t\t\t\t<div class=\"elementor-column elementor-col-100 elementor-top-column elementor-element elementor-element-69c3eac\" data-id=\"69c3eac\" data-element_type=\"column\">\n\t\t\t<div class=\"elementor-widget-wrap elementor-element-populated\">\n\t\t\t\t\t\t<div class=\"elementor-element elementor-element-5315cc4 elementor-widget elementor-widget-heading\" data-id=\"5315cc4\" data-element_type=\"widget\" data-widget_type=\"heading.default\">\n\t\t\t\t<div class=\"elementor-widget-container\">\n\t\t\t<h2 class=\"elementor-heading-title elementor-size-default\">Pr\u00eamio ANEGEPE de Teses<\/h2>\t\t<\/div>\n\t\t\t\t<\/div>\n\t\t\t\t\t<\/div>\n\t\t<\/div>\n\t\t\t\t\t<\/div>\n\t\t<\/section>\n\t\t\t\t<section class=\"elementor-section elementor-top-section elementor-element elementor-element-1d0fb5a elementor-section-boxed elementor-section-height-default elementor-section-height-default\" data-id=\"1d0fb5a\" data-element_type=\"section\">\n\t\t\t\t\t\t<div class=\"elementor-container elementor-column-gap-default\">\n\t\t\t\t\t<div class=\"elementor-column elementor-col-100 elementor-top-column elementor-element elementor-element-c496aef\" data-id=\"c496aef\" data-element_type=\"column\">\n\t\t\t<div class=\"elementor-widget-wrap elementor-element-populated\">\n\t\t\t\t\t\t<div class=\"elementor-element elementor-element-9eded94 elementor-widget elementor-widget-heading\" data-id=\"9eded94\" data-element_type=\"widget\" data-widget_type=\"heading.default\">\n\t\t\t\t<div class=\"elementor-widget-container\">\n\t\t\t<h2 class=\"elementor-heading-title elementor-size-default\">EDITAL 01\/2025 \u2013 ANEGEPE<br><br>3a. EDI\u00c7\u00c3O - PR\u00caMIO ANEGEPE DE TESES EM EMPREENDEDORISMO E GEST\u00c3O DE PEQUENAS EMPRESAS\/ORGANIZA\u00c7\u00d5ES<\/h2>\t\t<\/div>\n\t\t\t\t<\/div>\n\t\t\t\t\t<\/div>\n\t\t<\/div>\n\t\t\t\t\t<\/div>\n\t\t<\/section>\n\t\t\t\t<section class=\"elementor-section elementor-top-section elementor-element elementor-element-3258c6a elementor-section-boxed elementor-section-height-default elementor-section-height-default\" data-id=\"3258c6a\" data-element_type=\"section\">\n\t\t\t\t\t\t<div class=\"elementor-container elementor-column-gap-default\">\n\t\t\t\t\t<div class=\"elementor-column elementor-col-100 elementor-top-column elementor-element elementor-element-e39dbc9\" data-id=\"e39dbc9\" data-element_type=\"column\">\n\t\t\t<div class=\"elementor-widget-wrap elementor-element-populated\">\n\t\t\t\t\t\t<div class=\"elementor-element elementor-element-2fd803c elementor-widget elementor-widget-text-editor\" data-id=\"2fd803c\" data-element_type=\"widget\" data-widget_type=\"text-editor.default\">\n\t\t\t\t<div class=\"elementor-widget-container\">\n\t\t\t\t\t\t\t<p><span style=\"font-weight: 400;\">A ASSOCIA\u00c7\u00c3O NACIONAL DE ESTUDOS EM EMPREENDEDORISMO E GEST\u00c3O DE PEQUENAS EMPRESAS \u2013 ANEGEPE, pessoa jur\u00eddica de direito privado, inscrita no CNPJ sob n\u00ba 13.734.155\/0001-01, com sede na Av. Casa Verde, 2515, Sala 05, Casa Verde, CEP: 02519-200, S\u00e3o Paulo, SP, torna p\u00fablico o edital do Pr\u00eamio ANEGEPE de Teses, referente a <\/span><b>teses defendidas em 2024 e 2025.<\/b><\/p><p><span style=\"font-weight: 400;\">I &#8211; O Pr\u00eamio ANEGEPE DE TESES EM EMPREENDEDORISMO E GEST\u00c3O DE PEQUENAS EMPRESAS\/ORGANIZA\u00c7\u00d5ES \u00e9 constitu\u00eddo por:<\/span><\/p><ol><li style=\"font-weight: 400;\" aria-level=\"1\"><span style=\"font-weight: 400;\">Pr\u00eamio <\/span><b>ANEGEPE DE TESE EM EMPREENDEDORISMO<\/b><span style=\"font-weight: 400;\">; e<\/span><\/li><li style=\"font-weight: 400;\" aria-level=\"1\"><span style=\"font-weight: 400;\">Pr\u00eamio <\/span><b>ANEGEPE DE TESE EM GEST\u00c3O DE PEQUENAS EMPRESAS<\/b><b>\/<\/b><b>ORGANIZA\u00c7\u00d5ES<\/b><span style=\"font-weight: 400;\">.<\/span><\/li><\/ol><p><span style=\"font-weight: 400;\">II &#8211; O Pr\u00eamio ANEGEPE DE TESES EM EMPREENDEDORISMO E GEST\u00c3O DE PEQUENAS EMPRESAS\/ORGANIZA\u00c7\u00d5ES\u00a0 \u2013 <\/span><b>Edi\u00e7\u00e3o 2024-2025, ap\u00f3s a inscri\u00e7\u00e3o das teses feita por cada autor para o pr\u00eamio e as respectivas avalia\u00e7\u00f5es do comit\u00ea de avalia\u00e7\u00e3o,<\/b><span style=\"font-weight: 400;\"> ser\u00e1 outorgado\u00a0 para\u00a0 as melhores teses de doutorado defendidas em 2024 e 2025, em programas de p\u00f3s-gradua\u00e7\u00e3o stricto sensu vinculados a institui\u00e7\u00f5es de ensino p\u00fablicas ou privadas com sede no Brasil.<\/span><\/p><p><span style=\"font-weight: 400;\">III &#8211; As teses dever\u00e3o ser fruto de estudos e pesquisas cujo tema central seja um dos dois (ou uma combina\u00e7\u00e3o dos dois) temas focais da ANEGEPE: empreendedorismo e gest\u00e3o de pequenas empresas\/organiza\u00e7\u00f5es.<\/span><\/p><p><span style=\"font-weight: 400;\">IV &#8211; As teses, para concorrerem ao Pr\u00eamio EM EMPREENDEDORISMO E GEST\u00c3O DE PEQUENAS EMPRESAS\/ORGANIZA\u00c7\u00d5ES, devem, necess\u00e1ria e obrigatoriamente, atender aos seguintes crit\u00e9rios de elegibilidade:<\/span><\/p><ol><li style=\"font-weight: 400;\" aria-level=\"1\"><span style=\"font-weight: 400;\">Terem sido defendidas em 2024 ou 2025;<\/span><\/li><li style=\"font-weight: 400;\" aria-level=\"1\"><span style=\"font-weight: 400;\">Terem sido defendidas no Brasil, mesmo em casos de cotutela ou outras formas de dupla diploma\u00e7\u00e3o. As teses podem estar redigidas em portugu\u00eas, espanhol ou ingl\u00eas.<\/span><\/li><\/ol><p><span style=\"font-weight: 400;\">V &#8211; Os crit\u00e9rios de premia\u00e7\u00e3o dever\u00e3o considerar:<\/span><\/p><ol><li style=\"font-weight: 400;\" aria-level=\"1\"><span style=\"font-weight: 400;\">originalidade do trabalho;<\/span><\/li><li style=\"font-weight: 400;\" aria-level=\"1\"><span style=\"font-weight: 400;\">relev\u00e2ncia para o desenvolvimento cient\u00edfico, tecnol\u00f3gico, cultural e social;<\/span><\/li><li style=\"font-weight: 400;\" aria-level=\"1\"><span style=\"font-weight: 400;\">car\u00e1ter inovador;<\/span><\/li><li style=\"font-weight: 400;\" aria-level=\"1\"><span style=\"font-weight: 400;\">impacto social (desej\u00e1vel).<\/span><\/li><\/ol><p><span style=\"font-weight: 400;\">VI &#8211; A inscri\u00e7\u00e3o dever\u00e1 ser feita pelo(a) autor(a) da tese, acompanhada da seguinte documenta\u00e7\u00e3o:<\/span><\/p><ol><li style=\"font-weight: 400;\" aria-level=\"1\"><span style=\"font-weight: 400;\">Exemplar completo da tese.<\/span><\/li><li style=\"font-weight: 400;\" aria-level=\"1\"><span style=\"font-weight: 400;\">Comprovante de defesa.<\/span><\/li><li style=\"font-weight: 400;\" aria-level=\"1\"><span style=\"font-weight: 400;\">Ficha de inscri\u00e7\u00e3o assinada em que estar\u00e1 manifesta a concord\u00e2ncia com a inscri\u00e7\u00e3o de sua tese e com as condi\u00e7\u00f5es expressas neste edital (conforme anexo deste edital).<\/span><\/li><li style=\"font-weight: 400;\" aria-level=\"1\"><span style=\"font-weight: 400;\">Link para acesso a v\u00eddeo de no m\u00e1ximo tr\u00eas minutos em que o(a) autor(a) apresenta oralmente a contribui\u00e7\u00e3o da tese para o campo de conhecimento em empreendedorismo ou gest\u00e3o de pequenas empresas<\/span><span style=\"font-weight: 400;\">\/<\/span><span style=\"font-weight: 400;\">organiz\u00e7\u00f5es (o v\u00eddeo dever\u00e1 estar com acesso dispon\u00edvel desde o momento da inscri\u00e7\u00e3o obedecendo a data limite de 21\/04\/2026 em plataforma online de livre escolha do(a) autor(a)).<\/span><\/li><li style=\"font-weight: 400;\" aria-level=\"1\"><span style=\"font-weight: 400;\">Os documentos exigidos na inscri\u00e7\u00e3o dever\u00e3o ser enviados em formato PDF para o endere\u00e7o eletr\u00f4nico <\/span><a href=\"about:blank\"><span style=\"font-weight: 400;\">anegepeoficial@anegepe.org.br<\/span><\/a><span style=\"font-weight: 400;\"> com a identifica\u00e7\u00e3o de assunto \u201cPr\u00eamio 2025 EM EMPREENDEDORISMO E GEST\u00c3O DE PEQUENAS EMPRESAS\/ORGANIZA\u00c7\u00d5ES\u201d.<\/span><\/li><li style=\"font-weight: 400;\" aria-level=\"1\"><span style=\"font-weight: 400;\">N\u00e3o ser\u00e3o aceitas inscri\u00e7\u00f5es feitas pelo correio.<\/span><\/li><\/ol><p><span style=\"font-weight: 400;\">VII \u2013 A Diretoria Executiva da ANEGEPE nomear\u00e1 uma comiss\u00e3o de premia\u00e7\u00e3o, composta por cinco membros, sendo: tr\u00eas representantes da comunidade brasileira de pesquisadores(as) em empreendedoirsmo e\/ou gest\u00e3o de pequenas empresas<\/span><span style=\"font-weight: 400;\">\/<\/span><span style=\"font-weight: 400;\">organiza\u00e7\u00f5es, preferencialmente associados da ANEGEPE; e dois membros da diretoria executiva da ANEGEPE. \u00c9 vedada a participa\u00e7\u00e3o de orientadores ou coorientadores de teses concorrentes nesta comiss\u00e3o de premia\u00e7\u00e3o. A comiss\u00e3o de premia\u00e7\u00e3o observar\u00e1 os seguintes procedimentos:<\/span><\/p><ol><li><span style=\"font-weight: 400;\">a) A comiss\u00e3o de premia\u00e7\u00e3o poder\u00e1 decidir pela n\u00e3o atribui\u00e7\u00e3o do pr\u00eamio em um ou ambos os temas, caso nenhuma tese atinja um patamar de alta qualidade que justi\ufb01que a concess\u00e3o de premia\u00e7\u00e3o;<\/span><\/li><li><span style=\"font-weight: 400;\">b) A comiss\u00e3o de premia\u00e7\u00e3o poder\u00e1 atribuir at\u00e9 duas men\u00e7\u00f5es honrosas, a serem concedidas em forma de certi\ufb01cados aos autores, orientadores, coorientadores e ao programa em que foi defendida a tese.<\/span><\/li><\/ol><p><span style=\"font-weight: 400;\">VII \u2013 O Pr\u00eamio EM EMPREENDEDORISMO E GEST\u00c3O DE PEQUENAS EMPRESAS\/ORGANIZA\u00c7\u00d5ES consiste em:<\/span><\/p><ol><li><span style=\"font-weight: 400;\">a) certi\ufb01cado de premia\u00e7\u00e3o a ser outorgado ao orientador, coorientador e ao programa em que foi defendida a tese;<\/span><\/li><li><span style=\"font-weight: 400;\">b) certificado de premia\u00e7\u00e3o para o(a) autor(a);<\/span><\/li><li><span style=\"font-weight: 400;\">c) isen\u00e7\u00e3o de taxa de inscri\u00e7\u00e3o na pr\u00f3xima edi\u00e7\u00e3o do EGEPE ao autor, orientador e coorientador;<\/span><\/li><li><span style=\"font-weight: 400;\">d) isen\u00e7\u00e3o de anuidade de associado da ANEGEPE ao autor durante dois anos, a partir do ano seguinte \u00e0 premia\u00e7\u00e3o;<\/span><\/li><li><span style=\"font-weight: 400;\">e) pr\u00eamio em dinheiro no valor de R$ 1.500,00 (um mil e quinhentos reais) ao autor, a ser pago pela ANEGEPE, mediante cr\u00e9dito em conta banc\u00e1ria do autor em institui\u00e7\u00e3o financeira autorizada a operar no Brasil.<\/span><\/li><li><span style=\"font-weight: 400;\">f) oferece-se a possibilidade de que os autores submetam \u00e0 REGEPE, em regime de fast track, artigo derivado de suas teses premiadas.<\/span><\/li><\/ol><p><span style=\"font-weight: 400;\">VIII \u2013 O Pr\u00eamio ANEGEPE DE TESES EM EMPREENDEDORISMO E GEST\u00c3O DE PEQUENAS EMPRESAS\/ORGANIZA\u00c7\u00d5ES 2025 obedecer\u00e1 ao seguinte cronograma:<\/span><\/p><table><tbody><tr><td><p><b>Atividade<\/b><\/p><\/td><td><p><b>Previs\u00e3o<\/b><\/p><\/td><\/tr><tr><td><p><span style=\"font-weight: 400;\">Inscri\u00e7\u00f5es das Teses<\/span><\/p><\/td><td><p><span style=\"font-weight: 400;\">01\/03\/26 a 05\/05\/26<\/span><\/p><\/td><\/tr><tr><td><p><span style=\"font-weight: 400;\">Avalia\u00e7\u00e3o das Teses pelo Comit\u00ea<\/span><\/p><\/td><td><p>06\/05\/26<span style=\"font-weight: 400;\">\u00a0a\u00a0<\/span>24\/05\/26<\/p><\/td><\/tr><tr><td><p><span style=\"font-weight: 400;\">Publica\u00e7\u00e3o dos resultados do Pr\u00eamio no site do XIV EGEPE<\/span><\/p><\/td><td><p><span style=\"font-weight: 400;\">25\/05\/26<\/span><\/p><\/td><\/tr><tr><td><p><span style=\"font-weight: 400;\">Solenidade de entrega do Pr\u00eamio no Encerramento do XIV EGEPE, com a presen\u00e7a do(s) autor(es) premiado(s) ou orientador(es)<\/span><\/p><\/td><td><p><span style=\"font-weight: 400;\">03\/07\/26<\/span><\/p><\/td><\/tr><tr><td><p><span style=\"font-weight: 400;\">Pagamento do pr\u00eamio por transfer\u00eancia banc\u00e1ria<\/span><\/p><\/td><td><p><span style=\"font-weight: 400;\">03\/07\/26<\/span><\/p><\/td><\/tr><\/tbody><\/table><p><span style=\"font-weight: 400;\">IX &#8211; N\u00e3o cabe recurso das decis\u00f5es tomadas pela comiss\u00e3o de premia\u00e7\u00e3o.<\/span><\/p><p><span style=\"font-weight: 400;\">X &#8211; O n\u00e3o cumprimento de qualquer instru\u00e7\u00e3o deste Edital implica na desclassifica\u00e7\u00e3o da inscri\u00e7\u00e3o.<\/span><\/p><p><span style=\"font-weight: 400;\">XI &#8211; Os casos omissos dever\u00e3o ser encaminhados \u00e0 Diretoria Executiva da ANEGEPE que analisar\u00e1 e decidir\u00e1 em face das informa\u00e7\u00f5es apresentadas.<br \/><br \/><\/span><\/p><p><strong>Comit\u00ea do Pr\u00eamio ANEGEPE de TESES 2025<\/strong><\/p><p>Candido Vieira Borges J\u00fanior (UFG)<\/p><p>Glessia Silva (UFS)<\/p><p>Henrique Cordeiro Martins (UFV)<\/p><p>Hilka Pelizza Vier Machado (UniCesumar e UFPR)<\/p><div>\u00a0<\/div>\t\t\t\t\t\t<\/div>\n\t\t\t\t<\/div>\n\t\t\t\t\t<\/div>\n\t\t<\/div>\n\t\t\t\t\t<\/div>\n\t\t<\/section>\n\t\t\t\t<section class=\"elementor-section elementor-top-section elementor-element elementor-element-8da2ff1 elementor-section-boxed elementor-section-height-default elementor-section-height-default\" data-id=\"8da2ff1\" data-element_type=\"section\">\n\t\t\t\t\t\t<div class=\"elementor-container elementor-column-gap-default\">\n\t\t\t\t\t<div class=\"elementor-column elementor-col-100 elementor-top-column elementor-element elementor-element-f122c94\" data-id=\"f122c94\" data-element_type=\"column\">\n\t\t\t<div class=\"elementor-widget-wrap elementor-element-populated\">\n\t\t\t\t\t\t<div class=\"elementor-element elementor-element-52568c5 elementor-widget elementor-widget-heading\" data-id=\"52568c5\" data-element_type=\"widget\" data-widget_type=\"heading.default\">\n\t\t\t\t<div class=\"elementor-widget-container\">\n\t\t\t<h2 class=\"elementor-heading-title elementor-size-default\">ANEXO<br><br>MODELO DE FICHA DE INSCRI\u00c7\u00c3O A SER ENVIADA COM A DOCUMENTA\u00c7\u00c3O CONFORME ITEM VI DESTE EDITAL<\/h2>\t\t<\/div>\n\t\t\t\t<\/div>\n\t\t\t\t\t<\/div>\n\t\t<\/div>\n\t\t\t\t\t<\/div>\n\t\t<\/section>\n\t\t\t\t<section class=\"elementor-section elementor-top-section elementor-element elementor-element-b9e6b84 elementor-section-boxed elementor-section-height-default elementor-section-height-default\" data-id=\"b9e6b84\" data-element_type=\"section\">\n\t\t\t\t\t\t<div class=\"elementor-container elementor-column-gap-default\">\n\t\t\t\t\t<div class=\"elementor-column elementor-col-100 elementor-top-column elementor-element elementor-element-65cadbe\" data-id=\"65cadbe\" data-element_type=\"column\">\n\t\t\t<div class=\"elementor-widget-wrap elementor-element-populated\">\n\t\t\t\t\t\t<div class=\"elementor-element elementor-element-fedb7e4 elementor-widget elementor-widget-text-editor\" data-id=\"fedb7e4\" data-element_type=\"widget\" data-widget_type=\"text-editor.default\">\n\t\t\t\t<div class=\"elementor-widget-container\">\n\t\t\t\t\t\t\t<table><tbody><tr><td><p><b>FICHA DE INSCRI\u00c7\u00c3O<\/b><\/p><\/td><\/tr><tr><td><p><span style=\"font-weight: 400;\">Pr\u00eamio ANEGEPE DE TESES EM EMPREENDEDORISMO E GEST\u00c3O DE PEQUENAS EMPRESAS\/ORGANIZA\u00c7\u00d5ES<\/span><\/p><\/td><\/tr><tr><td><p><span style=\"font-weight: 400;\">Nome completo:<\/span><\/p><\/td><\/tr><tr><td><p><span style=\"font-weight: 400;\">T\u00edtulo da tese:<\/span><\/p><\/td><\/tr><tr><td><p><span style=\"font-weight: 400;\">Orientador e co-orientador (se houver):<\/span><\/p><\/td><\/tr><tr><td><p><span style=\"font-weight: 400;\">Programa de p\u00f3s-gradua\u00e7\u00e3o em que a tese foi defendida:<\/span><\/p><\/td><\/tr><tr><td><p><span style=\"font-weight: 400;\">Assinale a modalidade a que se refere a inscri\u00e7\u00e3o:<\/span><\/p><p><span style=\"font-weight: 400;\">( \u00a0 \u00a0 )\u00a0 \u00a0 \u00a0 Pr\u00eamio ANEGEPE DE TESE EM EMPREENDEDORISMO<\/span><\/p><p><span style=\"font-weight: 400;\">(\u00a0 \u00a0 \u00a0)\u00a0 \u00a0 \u00a0 Pr\u00eamio ANEGEPE DE TESE EM GEST\u00c3O DE PEQUENAS EMPRESAS\/ORGANIZA\u00c7\u00d5ES<\/span><\/p><\/td><\/tr><tr><td><p><span style=\"font-weight: 400;\">E-Mail:<\/span><\/p><\/td><\/tr><tr><td><p><span style=\"font-weight: 400;\">Celular:<\/span><\/p><\/td><\/tr><tr><td><p><span style=\"font-weight: 400;\">O(a) candidato(a) manifesta sua concord\u00e2ncia com a inscri\u00e7\u00e3o de sua tese e com as condi\u00e7\u00f5es expressas neste edital e na sua divulga\u00e7\u00e3o em m\u00eddias digitais.<\/span><\/p><\/td><\/tr><tr><td><p><span style=\"font-weight: 400;\">Loca e data:<\/span><\/p><\/td><\/tr><tr><td><p><span style=\"font-weight: 400;\">Assinatura:<\/span><\/p><\/td><\/tr><\/tbody><\/table>\t\t\t\t\t\t<\/div>\n\t\t\t\t<\/div>\n\t\t\t\t\t<\/div>\n\t\t<\/div>\n\t\t\t\t\t<\/div>\n\t\t<\/section>\n\t\t\t\t<section class=\"elementor-section elementor-top-section elementor-element elementor-element-cdf85b9 elementor-section-boxed elementor-section-height-default elementor-section-height-default\" data-id=\"cdf85b9\" data-element_type=\"section\">\n\t\t\t\t\t\t<div class=\"elementor-container elementor-column-gap-default\">\n\t\t\t\t\t<div class=\"elementor-column elementor-col-100 elementor-top-column elementor-element elementor-element-0d82832\" data-id=\"0d82832\" data-element_type=\"column\">\n\t\t\t<div class=\"elementor-widget-wrap elementor-element-populated\">\n\t\t\t\t\t\t<div class=\"elementor-element elementor-element-1e417a8 elementor-align-center elementor-widget elementor-widget-button\" data-id=\"1e417a8\" data-element_type=\"widget\" data-widget_type=\"button.default\">\n\t\t\t\t<div class=\"elementor-widget-container\">\n\t\t\t\t\t\t\t<div class=\"elementor-button-wrapper\">\n\t\t\t\t\t<a class=\"elementor-button elementor-button-link elementor-size-sm\" href=\"http:\/\/egepe.org.br\/xiv-egepe\/wp-content\/uploads\/2026\/04\/EDITAL-DO-PREMIO-ANEGEPE-TESES-3a-EDICAO-2025-Atualizacao22Abr26.pdf\" target=\"_blank\">\n\t\t\t\t\t\t<span class=\"elementor-button-content-wrapper\">\n\t\t\t\t\t\t\t\t\t<span class=\"elementor-button-text\">Baixar Edital<\/span>\n\t\t\t\t\t<\/span>\n\t\t\t\t\t<\/a>\n\t\t\t\t<\/div>\n\t\t\t\t\t\t<\/div>\n\t\t\t\t<\/div>\n\t\t\t\t\t<\/div>\n\t\t<\/div>\n\t\t\t\t\t<\/div>\n\t\t<\/section>\n\t\t\t\t<\/div>\n\t\t","protected":false},"excerpt":{"rendered":"<p>Pr\u00eamio ANEGEPE de Teses EDITAL 01\/2025 \u2013 ANEGEPE 3a. EDI\u00c7\u00c3O &#8211; PR\u00caMIO ANEGEPE DE TESES EM EMPREENDEDORISMO E GEST\u00c3O DE PEQUENAS EMPRESAS\/ORGANIZA\u00c7\u00d5ES A ASSOCIA\u00c7\u00c3O NACIONAL DE ESTUDOS EM EMPREENDEDORISMO E GEST\u00c3O DE PEQUENAS EMPRESAS \u2013 ANEGEPE, pessoa jur\u00eddica de direito privado, inscrita no CNPJ sob n\u00ba 13.734.155\/0001-01, com sede na Av. Casa Verde, 2515, Sala [&hellip;]<\/p>\n","protected":false},"author":1,"featured_media":0,"parent":0,"menu_order":0,"comment_status":"closed","ping_status":"closed","template":"","meta":{"site-sidebar-layout":"no-sidebar","site-content-layout":"page-builder","ast-site-content-layout":"default","site-content-style":"default","site-sidebar-style":"default","ast-global-header-display":"","ast-banner-title-visibility":"","ast-main-header-display":"","ast-hfb-above-header-display":"","ast-hfb-below-header-display":"","ast-hfb-mobile-header-display":"","site-post-title":"disabled","ast-breadcrumbs-content":"","ast-featured-img":"disabled","footer-sml-layout":"","ast-disable-related-posts":"","theme-transparent-header-meta":"default","adv-header-id-meta":"","stick-header-meta":"","header-above-stick-meta":"","header-main-stick-meta":"","header-below-stick-meta":"","astra-migrate-meta-layouts":"default","ast-page-background-enabled":"default","ast-page-background-meta":{"desktop":{"background-color":"var(--ast-global-color-4)","background-image":"","background-repeat":"repeat","background-position":"center center","background-size":"auto","background-attachment":"scroll","background-type":"","background-media":"","overlay-type":"","overlay-color":"","overlay-opacity":"","overlay-gradient":""},"tablet":{"background-color":"","background-image":"","background-repeat":"repeat","background-position":"center center","background-size":"auto","background-attachment":"scroll","background-type":"","background-media":"","overlay-type":"","overlay-color":"","overlay-opacity":"","overlay-gradient":""},"mobile":{"background-color":"","background-image":"","background-repeat":"repeat","background-position":"center center","background-size":"auto","background-attachment":"scroll","background-type":"","background-media":"","overlay-type":"","overlay-color":"","overlay-opacity":"","overlay-gradient":""}},"ast-content-background-meta":{"desktop":{"background-color":"var(--ast-global-color-5)","background-image":"","background-repeat":"repeat","background-position":"center center","background-size":"auto","background-attachment":"scroll","background-type":"","background-media":"","overlay-type":"","overlay-color":"","overlay-opacity":"","overlay-gradient":""},"tablet":{"background-color":"var(--ast-global-color-5)","background-image":"","background-repeat":"repeat","background-position":"center center","background-size":"auto","background-attachment":"scroll","background-type":"","background-media":"","overlay-type":"","overlay-color":"","overlay-opacity":"","overlay-gradient":""},"mobile":{"background-color":"var(--ast-global-color-5)","background-image":"","background-repeat":"repeat","background-position":"center center","background-size":"auto","background-attachment":"scroll","background-type":"","background-media":"","overlay-type":"","overlay-color":"","overlay-opacity":"","overlay-gradient":""}},"footnotes":""},"class_list":["post-874","page","type-page","status-publish","hentry"],"_links":{"self":[{"href":"https:\/\/egepe.org.br\/xiv-egepe\/wp-json\/wp\/v2\/pages\/874","targetHints":{"allow":["GET"]}}],"collection":[{"href":"https:\/\/egepe.org.br\/xiv-egepe\/wp-json\/wp\/v2\/pages"}],"about":[{"href":"https:\/\/egepe.org.br\/xiv-egepe\/wp-json\/wp\/v2\/types\/page"}],"author":[{"embeddable":true,"href":"https:\/\/egepe.org.br\/xiv-egepe\/wp-json\/wp\/v2\/users\/1"}],"replies":[{"embeddable":true,"href":"https:\/\/egepe.org.br\/xiv-egepe\/wp-json\/wp\/v2\/comments?post=874"}],"version-history":[{"count":58,"href":"https:\/\/egepe.org.br\/xiv-egepe\/wp-json\/wp\/v2\/pages\/874\/revisions"}],"predecessor-version":[{"id":2125,"href":"https:\/\/egepe.org.br\/xiv-egepe\/wp-json\/wp\/v2\/pages\/874\/revisions\/2125"}],"wp:attachment":[{"href":"https:\/\/egepe.org.br\/xiv-egepe\/wp-json\/wp\/v2\/media?parent=874"}],"curies":[{"name":"wp","href":"https:\/\/api.w.org\/{rel}","templated":true}]}}